{"id":3162,"date":"2025-03-24T14:43:17","date_gmt":"2025-03-24T13:43:17","guid":{"rendered":"https:\/\/www.grupoapellaniz.com\/?page_id=3162"},"modified":"2025-03-31T16:02:48","modified_gmt":"2025-03-31T14:02:48","slug":"politica-de-gestion-medioambiental","status":"publish","type":"page","link":"https:\/\/www.grupoapellaniz.com\/pt\/politica-de-gestion-medioambiental\/","title":{"rendered":"Pol\u00edtica de gest\u00e3o ambiental"},"content":{"rendered":"<div data-elementor-type=\"wp-page\" data-elementor-id=\"3162\" class=\"elementor elementor-3162\" data-elementor-post-type=\"page\">\n\t\t\t\t<div class=\"elementor-element elementor-element-327e4a80 e-flex e-con-boxed e-con e-parent\" data-id=\"327e4a80\" data-element_type=\"container\">\n\t\t\t\t\t<div class=\"e-con-inner\">\n\t\t\t\t<div class=\"elementor-element elementor-element-7fdf42f0 elementor-widget elementor-widget-text-editor\" data-id=\"7fdf42f0\" data-element_type=\"widget\" data-widget_type=\"text-editor.default\">\n\t\t\t\t<div class=\"elementor-widget-container\">\n\t\t\t\t\t\t\t\t\t\n<p>Pol\u00edtica de gest\u00e3o ambientalDownload da nossa Pol\u00edtica de gest\u00e3o ambiental abaixo.<\/p>\n\n<div class=\"wp-block-file\"><span style=\"text-decoration: underline;\"><span style=\"color: #ffffff; text-decoration: underline;\"><a href=\"https:\/\/www.grupoapellaniz.com\/wp-content\/uploads\/2025\/03\/politica-gestion-medioambiental-1.pdf\">Pol\u00edtica de gest\u00e3o ambiental<\/a><a class=\"wp-block-file__button wp-element-button\" style=\"color: #ffffff; text-decoration: underline;\" href=\"https:\/\/www.grupoapellaniz.com\/wp-content\/uploads\/2025\/03\/politica-gestion-medioambiental-1.pdf\" download=\"\" aria-describedby=\"wp-block-file--media-2c705d7a-1836-4a21-aa18-e7eb22a15a71\">Descarregar<\/a><\/span><\/span><\/div>\n\n<p>\u00a0<\/p>\n\t\t\t\t\t\t\t\t<\/div>\n\t\t\t\t<\/div>\n\t\t\t\t\t<\/div>\n\t\t\t\t<\/div>\n\t\t<div class=\"elementor-element elementor-element-9531d87 e-flex e-con-boxed e-con e-parent\" data-id=\"9531d87\" data-element_type=\"container\">\n\t\t\t\t\t<div class=\"e-con-inner\">\n\t\t\t\t\t<\/div>\n\t\t\t\t<\/div>\n\t\t\t\t<\/div>","protected":false},"excerpt":{"rendered":"<p>Pol\u00edtica de gest\u00e3o ambientalDownload da nossa Pol\u00edtica de gest\u00e3o ambiental abaixo. \u00a0<\/p>","protected":false},"author":3,"featured_media":0,"parent":0,"menu_order":0,"comment_status":"closed","ping_status":"closed","template":"","meta":{"_acf_changed":false,"footnotes":""},"class_list":["post-3162","page","type-page","status-publish","hentry"],"acf":[],"yoast_head":"<!-- This site is optimized with the Yoast SEO plugin v27.3 - https:\/\/yoast.com\/product\/yoast-seo-wordpress\/ -->\n<title>Pol\u00edtica de Gesti\u00f3n Medioambiental - Grupo Apell\u00e1niz<\/title>\n<meta name=\"robots\" content=\"index, follow, max-snippet:-1, max-image-preview:large, max-video-preview:-1\" \/>\n<link rel=\"canonical\" href=\"https:\/\/www.grupoapellaniz.com\/pt\/politica-de-gestion-medioambiental\/\" \/>\n<meta property=\"og:locale\" content=\"pt_PT\" \/>\n<meta property=\"og:type\" content=\"article\" \/>\n<meta property=\"og:title\" content=\"Pol\u00edtica de Gesti\u00f3n Medioambiental - Grupo Apell\u00e1niz\" \/>\n<meta property=\"og:description\" content=\"Pol\u00edtica Gesti\u00f3n MedioambientalDescarga a continuaci\u00f3n nuestra Pol\u00edtica de Gesti\u00f3n Medioambiental \u00a0\" \/>\n<meta property=\"og:url\" content=\"https:\/\/www.grupoapellaniz.com\/pt\/politica-de-gestion-medioambiental\/\" \/>\n<meta property=\"og:site_name\" content=\"Grupo Apell\u00e1niz\" \/>\n<meta property=\"article:modified_time\" content=\"2025-03-31T14:02:48+00:00\" \/>\n<meta name=\"twitter:card\" content=\"summary_large_image\" \/>\n<script type=\"application\/ld+json\" class=\"yoast-schema-graph\">{\"@context\":\"https:\\\/\\\/schema.org\",\"@graph\":[{\"@type\":\"WebPage\",\"@id\":\"https:\\\/\\\/www.grupoapellaniz.com\\\/politica-de-gestion-medioambiental\\\/\",\"url\":\"https:\\\/\\\/www.grupoapellaniz.com\\\/politica-de-gestion-medioambiental\\\/\",\"name\":\"Pol\u00edtica de Gesti\u00f3n Medioambiental - Grupo Apell\u00e1niz\",\"isPartOf\":{\"@id\":\"https:\\\/\\\/www.grupoapellaniz.com\\\/#website\"},\"datePublished\":\"2025-03-24T13:43:17+00:00\",\"dateModified\":\"2025-03-31T14:02:48+00:00\",\"breadcrumb\":{\"@id\":\"https:\\\/\\\/www.grupoapellaniz.com\\\/politica-de-gestion-medioambiental\\\/#breadcrumb\"},\"inLanguage\":\"pt-PT\",\"potentialAction\":[{\"@type\":\"ReadAction\",\"target\":[\"https:\\\/\\\/www.grupoapellaniz.com\\\/politica-de-gestion-medioambiental\\\/\"]}]},{\"@type\":\"BreadcrumbList\",\"@id\":\"https:\\\/\\\/www.grupoapellaniz.com\\\/politica-de-gestion-medioambiental\\\/#breadcrumb\",\"itemListElement\":[{\"@type\":\"ListItem\",\"position\":1,\"name\":\"Portada\",\"item\":\"https:\\\/\\\/www.grupoapellaniz.com\\\/\"},{\"@type\":\"ListItem\",\"position\":2,\"name\":\"Pol\u00edtica de Gesti\u00f3n Medioambiental\"}]},{\"@type\":\"WebSite\",\"@id\":\"https:\\\/\\\/www.grupoapellaniz.com\\\/#website\",\"url\":\"https:\\\/\\\/www.grupoapellaniz.com\\\/\",\"name\":\"Grupo Apell\u00e1niz\",\"description\":\"Elementos de sujeci\u00f3n galvanizados y prefabricados de hormig\u00f3n\",\"publisher\":{\"@id\":\"https:\\\/\\\/www.grupoapellaniz.com\\\/#organization\"},\"potentialAction\":[{\"@type\":\"SearchAction\",\"target\":{\"@type\":\"EntryPoint\",\"urlTemplate\":\"https:\\\/\\\/www.grupoapellaniz.com\\\/?s={search_term_string}\"},\"query-input\":{\"@type\":\"PropertyValueSpecification\",\"valueRequired\":true,\"valueName\":\"search_term_string\"}}],\"inLanguage\":\"pt-PT\"},{\"@type\":\"Organization\",\"@id\":\"https:\\\/\\\/www.grupoapellaniz.com\\\/#organization\",\"name\":\"Grupo Apell\u00e1niz\",\"url\":\"https:\\\/\\\/www.grupoapellaniz.com\\\/\",\"logo\":{\"@type\":\"ImageObject\",\"inLanguage\":\"pt-PT\",\"@id\":\"https:\\\/\\\/www.grupoapellaniz.com\\\/#\\\/schema\\\/logo\\\/image\\\/\",\"url\":\"https:\\\/\\\/www.grupoapellaniz.com\\\/wp-content\\\/uploads\\\/2020\\\/10\\\/logo-apellaniz.png\",\"contentUrl\":\"https:\\\/\\\/www.grupoapellaniz.com\\\/wp-content\\\/uploads\\\/2020\\\/10\\\/logo-apellaniz.png\",\"width\":300,\"height\":66,\"caption\":\"Grupo Apell\u00e1niz\"},\"image\":{\"@id\":\"https:\\\/\\\/www.grupoapellaniz.com\\\/#\\\/schema\\\/logo\\\/image\\\/\"}}]}<\/script>\n<!-- \/ Yoast SEO plugin. -->","yoast_head_json":{"title":"Pol\u00edtica de Gesti\u00f3n Medioambiental - Grupo Apell\u00e1niz","robots":{"index":"index","follow":"follow","max-snippet":"max-snippet:-1","max-image-preview":"max-image-preview:large","max-video-preview":"max-video-preview:-1"},"canonical":"https:\/\/www.grupoapellaniz.com\/pt\/politica-de-gestion-medioambiental\/","og_locale":"pt_PT","og_type":"article","og_title":"Pol\u00edtica de Gesti\u00f3n Medioambiental - Grupo Apell\u00e1niz","og_description":"Pol\u00edtica Gesti\u00f3n MedioambientalDescarga a continuaci\u00f3n nuestra Pol\u00edtica de Gesti\u00f3n Medioambiental \u00a0","og_url":"https:\/\/www.grupoapellaniz.com\/pt\/politica-de-gestion-medioambiental\/","og_site_name":"Grupo Apell\u00e1niz","article_modified_time":"2025-03-31T14:02:48+00:00","twitter_card":"summary_large_image","schema":{"@context":"https:\/\/schema.org","@graph":[{"@type":"WebPage","@id":"https:\/\/www.grupoapellaniz.com\/politica-de-gestion-medioambiental\/","url":"https:\/\/www.grupoapellaniz.com\/politica-de-gestion-medioambiental\/","name":"Pol\u00edtica de Gesti\u00f3n Medioambiental - Grupo Apell\u00e1niz","isPartOf":{"@id":"https:\/\/www.grupoapellaniz.com\/#website"},"datePublished":"2025-03-24T13:43:17+00:00","dateModified":"2025-03-31T14:02:48+00:00","breadcrumb":{"@id":"https:\/\/www.grupoapellaniz.com\/politica-de-gestion-medioambiental\/#breadcrumb"},"inLanguage":"pt-PT","potentialAction":[{"@type":"ReadAction","target":["https:\/\/www.grupoapellaniz.com\/politica-de-gestion-medioambiental\/"]}]},{"@type":"BreadcrumbList","@id":"https:\/\/www.grupoapellaniz.com\/politica-de-gestion-medioambiental\/#breadcrumb","itemListElement":[{"@type":"ListItem","position":1,"name":"Portada","item":"https:\/\/www.grupoapellaniz.com\/"},{"@type":"ListItem","position":2,"name":"Pol\u00edtica de Gesti\u00f3n Medioambiental"}]},{"@type":"WebSite","@id":"https:\/\/www.grupoapellaniz.com\/#website","url":"https:\/\/www.grupoapellaniz.com\/","name":"Grupo Apell\u00e1niz","description":"Elementos de sujeci\u00f3n galvanizados y prefabricados de hormig\u00f3n","publisher":{"@id":"https:\/\/www.grupoapellaniz.com\/#organization"},"potentialAction":[{"@type":"SearchAction","target":{"@type":"EntryPoint","urlTemplate":"https:\/\/www.grupoapellaniz.com\/?s={search_term_string}"},"query-input":{"@type":"PropertyValueSpecification","valueRequired":true,"valueName":"search_term_string"}}],"inLanguage":"pt-PT"},{"@type":"Organization","@id":"https:\/\/www.grupoapellaniz.com\/#organization","name":"Grupo Apell\u00e1niz","url":"https:\/\/www.grupoapellaniz.com\/","logo":{"@type":"ImageObject","inLanguage":"pt-PT","@id":"https:\/\/www.grupoapellaniz.com\/#\/schema\/logo\/image\/","url":"https:\/\/www.grupoapellaniz.com\/wp-content\/uploads\/2020\/10\/logo-apellaniz.png","contentUrl":"https:\/\/www.grupoapellaniz.com\/wp-content\/uploads\/2020\/10\/logo-apellaniz.png","width":300,"height":66,"caption":"Grupo Apell\u00e1niz"},"image":{"@id":"https:\/\/www.grupoapellaniz.com\/#\/schema\/logo\/image\/"}}]}},"_links":{"self":[{"href":"https:\/\/www.grupoapellaniz.com\/pt\/wp-json\/wp\/v2\/pages\/3162","targetHints":{"allow":["GET"]}}],"collection":[{"href":"https:\/\/www.grupoapellaniz.com\/pt\/wp-json\/wp\/v2\/pages"}],"about":[{"href":"https:\/\/www.grupoapellaniz.com\/pt\/wp-json\/wp\/v2\/types\/page"}],"author":[{"embeddable":true,"href":"https:\/\/www.grupoapellaniz.com\/pt\/wp-json\/wp\/v2\/users\/3"}],"replies":[{"embeddable":true,"href":"https:\/\/www.grupoapellaniz.com\/pt\/wp-json\/wp\/v2\/comments?post=3162"}],"version-history":[{"count":35,"href":"https:\/\/www.grupoapellaniz.com\/pt\/wp-json\/wp\/v2\/pages\/3162\/revisions"}],"predecessor-version":[{"id":3256,"href":"https:\/\/www.grupoapellaniz.com\/pt\/wp-json\/wp\/v2\/pages\/3162\/revisions\/3256"}],"wp:attachment":[{"href":"https:\/\/www.grupoapellaniz.com\/pt\/wp-json\/wp\/v2\/media?parent=3162"}],"curies":[{"name":"wp","href":"https:\/\/api.w.org\/{rel}","templated":true}]}}