{"id":3,"date":"2020-05-06T16:58:14","date_gmt":"2020-05-06T16:58:14","guid":{"rendered":"https:\/\/www.grupoapellaniz.com\/?page_id=3"},"modified":"2021-03-24T22:28:19","modified_gmt":"2021-03-24T21:28:19","slug":"politica-de-privacidad","status":"publish","type":"page","link":"https:\/\/www.grupoapellaniz.com\/pt\/politica-de-privacidad\/","title":{"rendered":"Pol\u00edtica de privacidade"},"content":{"rendered":"<p>O que \u00e9 e o que n\u00e3o \u00e9 feito com os seus dados pessoais neste s\u00edtio Web pode ser consultado aqui.<\/p>\n\n\n\n<p>Esta pol\u00edtica estabelece a forma como trataremos e protegeremos as informa\u00e7\u00f5es pessoais de todas as pessoas que interagem com o GRUPO APELLANIZ atrav\u00e9s deste s\u00edtio Web. Por favor, leia todas as sec\u00e7\u00f5es do Aviso Legal, a pol\u00edtica de cookies e esta pol\u00edtica de privacidade antes de utilizar este website.<\/p>\n\n\n\n<p>Em conformidade com as disposi\u00e7\u00f5es do Regulamento UE 2016\/679, do Parlamento Europeu e do Conselho, de 27 de abril de 2016 (RGPD) e da Lei Org\u00e2nica 3\/2018, de 5 de dezembro, sobre a Prote\u00e7\u00e3o de Dados Pessoais e garantia dos direitos digitais, a BUPRE S.L., informa-o de que, ao aceitar a presente Pol\u00edtica de Privacidade, d\u00e1 o seu consentimento expresso, informado, livre e inequ\u00edvoco para que os Dados que nos fornece, e sobre os quais se aplicam as medidas de seguran\u00e7a, t\u00e9cnicas e organizativas previstas na normativa vigente, sejam tratados pela BUPRE S.L., como respons\u00e1vel pelo tratamento.<\/p>\n\n\n\n<h2 class=\"wp-block-heading\"><strong>Quem \u00e9 respons\u00e1vel por este s\u00edtio Web?<\/strong><\/h2>\n\n\n\n<ul class=\"wp-block-list\"><li><strong>Identidade da pessoa respons\u00e1vel:<\/strong> BUPRE S.L.<\/li><li><strong>Nome comercial:<\/strong> GRUPO APELLANIZ<\/li><li><strong>NIF\/CIF:<\/strong> B09293770<\/li><li><strong>Endere\u00e7o:<\/strong> C\/ Valle del Mena 8 09001 Burgos<\/li><li><strong>Correio eletr\u00f3nico:<\/strong> info@grupoapellaniz.com<\/li><li><strong>Atividade:<\/strong> Fabrico de produtos de bet\u00e3o pr\u00e9-fabricados<\/li><li><strong>Contactos da pessoa respons\u00e1vel ou representante e do respons\u00e1vel pela prote\u00e7\u00e3o de dados<\/strong>: Pode contactar-nos utilizando o formul\u00e1rio de contacto ou escrevendo uma mensagem de correio eletr\u00f3nico para info@grupoapellaniz.com.<\/li><li><strong>Registo comercial n.\u00ba:<\/strong> Registada em 19\/02\/2002 no Registo Comercial de Burgos. Tomo 333, livro 124, folha 162, sec\u00e7\u00e3o 8, inscri\u00e7\u00e3o 5, folha de registo BU 4363.<\/li><\/ul>\n\n\n\n<h2 class=\"wp-block-heading\"><strong>Que dados pessoais s\u00e3o recolhidos neste s\u00edtio Web?<\/strong><\/h2>\n\n\n\n<p>Para as finalidades previstas na presente Pol\u00edtica de Privacidade, o GRUPO APELLANIZ e trata os Dados Pessoais abaixo discriminados, os quais depender\u00e3o dos diferentes produtos ou servi\u00e7os que solicitar neste site:<\/p>\n\n\n\n<p><strong>Dados de identifica\u00e7\u00e3o:<\/strong> nome pr\u00f3prio, apelido.<\/p>\n\n\n\n<p><strong>Dados de contacto<\/strong>endere\u00e7o postal, endere\u00e7o eletr\u00f3nico, n\u00famero de telem\u00f3vel.<\/p>\n\n\n\n<p><strong>Dados contratuais:<\/strong> dados sobre transac\u00e7\u00f5es contratuais, DNI, produtos e servi\u00e7os adquiridos, transac\u00e7\u00f5es financeiras, dados de pagamento.<\/p>\n\n\n\n<p><strong>Dados de navega\u00e7\u00e3o<\/strong>Endere\u00e7o IP, tipo e identifica\u00e7\u00e3o do dispositivo, tipo de navegador, dom\u00ednio atrav\u00e9s do qual acede ao s\u00edtio Web, dados de navega\u00e7\u00e3o, atividade no s\u00edtio Web.<\/p>\n\n\n\n<h2 class=\"wp-block-heading\"><strong>Com que base jur\u00eddica s\u00e3o tratados estes dados?<\/strong><\/h2>\n\n\n\n<p>Processamos os seus dados pessoais com base nos seguintes fundamentos jur\u00eddicos:<\/p>\n\n\n\n<ul class=\"wp-block-list\"><li><strong>A execu\u00e7\u00e3o de um contrato com o GRUPO APELLANIZ, <\/strong>para a contrata\u00e7\u00e3o de servi\u00e7os, publica\u00e7\u00e3o de an\u00fancios e gest\u00e3o dos servi\u00e7os solicitados.<\/li><li><strong>Consentimento<\/strong> do utilizador em rela\u00e7\u00e3o ao contacto, \u00e0 subscri\u00e7\u00e3o de conte\u00fados e ao envio de comunica\u00e7\u00f5es comerciais, atrav\u00e9s de correio eletr\u00f3nico, cookies ou sistemas de mensagens.<\/li><li><strong>Interesse leg\u00edtimo<\/strong> do respons\u00e1vel pelo tratamento de dados para proteger os utilizadores do site do GRUPO APELLANIZ contra abusos e fraudes na utiliza\u00e7\u00e3o dos nossos servi\u00e7os.<\/li><\/ul>\n\n\n\n<h2 class=\"wp-block-heading\"><strong>Para que fins processamos os seus dados?<\/strong><\/h2>\n\n\n\n<p>Neste s\u00edtio Web, existem diferentes formul\u00e1rios, em cada um dos quais as informa\u00e7\u00f5es recolhidas ser\u00e3o utilizadas da seguinte forma:<\/p>\n\n\n\n<p><strong>Formul\u00e1rios de subscri\u00e7\u00e3o de conte\u00fados: <\/strong>existem v\u00e1rios formul\u00e1rios para ativar a subscri\u00e7\u00e3o. Os dados fornecidos ser\u00e3o utilizados exclusivamente para enviar a Newsletter e mant\u00ea-lo atualizado sobre as novidades e ofertas especiais, exclusivamente para os assinantes do grupoapellaniz.com.<\/p>\n\n\n\n<p><strong>Formul\u00e1rio de feedback<\/strong>Os dados pessoais introduzidos no formul\u00e1rio para inserir estes coment\u00e1rios ser\u00e3o utilizados exclusivamente para os moderar e publicar.<\/p>\n\n\n\n<p><strong>Formul\u00e1rio de contacto:<\/strong> Existe tamb\u00e9m um formul\u00e1rio de contacto para consultas, sugest\u00f5es ou contactos profissionais. Neste caso, o endere\u00e7o de correio eletr\u00f3nico ser\u00e1 utilizado para responder \u00e0s mesmas e enviar as informa\u00e7\u00f5es que o utilizador solicitar atrav\u00e9s do s\u00edtio Web.<\/p>\n\n\n\n<p><strong>Formul\u00e1rio de inscri\u00e7\u00e3o:<\/strong> Neste caso, pedimos os seguintes dados pessoais: Nome, Email, para que possa criar uma conta no nosso sistema e dar acesso \u00e0s suas funcionalidades.<\/p>\n\n\n\n<p><strong>Formul\u00e1rio de venda<\/strong>Tamb\u00e9m processamos dados para gerir a compra de mobili\u00e1rio e produtos de decora\u00e7\u00e3o, incluindo a gest\u00e3o da encomenda, o pagamento e todas as opera\u00e7\u00f5es relacionadas com a contrata\u00e7\u00e3o do servi\u00e7o ou produto escolhido. Isto inclui o envio de e-mails de acompanhamento, respostas, facturas, recibos, etc.<\/p>\n\n\n\n<h2 class=\"wp-block-heading\"><strong>Per\u00edodo de conserva\u00e7\u00e3o dos dados pessoais<\/strong><\/h2>\n\n\n\n<p><strong>Dados do cliente:<\/strong> O per\u00edodo de conserva\u00e7\u00e3o dos dados pessoais varia consoante o servi\u00e7o contratado pelo Cliente. Em qualquer caso, ser\u00e1 o m\u00ednimo necess\u00e1rio, podendo ser conservados at\u00e9:<\/p>\n\n\n\n<p>- 4 anos: Lei sobre Infrac\u00e7\u00f5es e San\u00e7\u00f5es na Ordem Social (obriga\u00e7\u00f5es relativas \u00e0 filia\u00e7\u00e3o, inscri\u00e7\u00f5es, cancelamentos, contribui\u00e7\u00f5es, pagamento de sal\u00e1rios...); Arts. 66 e seguintes da Lei Geral Tribut\u00e1ria (livros contabil\u00edsticos...). Lei Geral Tribut\u00e1ria (livros contabil\u00edsticos...).<\/p>\n\n\n\n<p>- 5 anos: art. 1964.\u00ba do C\u00f3digo Civil (ac\u00e7\u00f5es pessoais sem prazo especial).<\/p>\n\n\n\n<p>- 6 anos: Art. 30 do C\u00f3digo Comercial (livros de contabilidade, facturas...).<\/p>\n\n\n\n<p>- 10 anos: artigo 25.\u00ba da Lei relativa \u00e0 preven\u00e7\u00e3o do branqueamento de capitais e do financiamento do terrorismo.<\/p>\n\n\n\n<p><strong>Dados do assinante<\/strong>Desde o momento em que o utilizador se inscreve at\u00e9 ao momento em que anula a sua inscri\u00e7\u00e3o.<\/p>\n\n\n\n<p><strong>Dados sobre potenciais clientes<\/strong>Os dados ser\u00e3o conservados, em qualquer caso, durante a vig\u00eancia da rela\u00e7\u00e3o comercial estabelecida e, uma vez terminada esta, durante dois anos, a menos que o utilizador solicite previamente a sua supress\u00e3o.<\/p>\n\n\n\n<h2 class=\"wp-block-heading\"><strong>Quais s\u00e3o os seus direitos relativamente \u00e0 utiliza\u00e7\u00e3o dos seus dados?<\/strong><\/h2>\n\n\n\n<p>Qualquer pessoa tem o direito de obter a confirma\u00e7\u00e3o de que o GRUPO APELLANIZ est\u00e1 ou n\u00e3o a tratar os dados pessoais que lhe dizem respeito.<\/p>\n\n\n\n<p>As pessoas interessadas t\u00eam o direito de:<\/p>\n\n\n\n<ul class=\"wp-block-list\"><li>Solicitar o acesso aos dados pessoais relativos \u00e0 pessoa em causa.<\/li><li>Solicitar a sua retifica\u00e7\u00e3o ou apagamento.<\/li><li>Solicitar a sua anula\u00e7\u00e3o.<\/li><li>Solicitar a limita\u00e7\u00e3o do seu tratamento.<\/li><li>Tratamento oposto.<\/li><li>Solicitar a portabilidade dos dados.<\/li><\/ul>\n\n\n\n<p>Se tiver dado o seu consentimento para uma finalidade espec\u00edfica, tem o direito de o retirar em qualquer altura, sem que isso afecte a legalidade do tratamento efectuado com base no seu consentimento anterior \u00e0 retirada.<\/p>\n\n\n\n<p>Se considerar que os seus direitos relativos \u00e0 prote\u00e7\u00e3o dos seus dados pessoais foram violados, nomeadamente se n\u00e3o obteve satisfa\u00e7\u00e3o no exerc\u00edcio dos seus direitos, pode apresentar uma queixa \u00e0 autoridade de controlo da prote\u00e7\u00e3o de dados competente atrav\u00e9s do seu s\u00edtio Web:<a href=\"https:\/\/www.aepd.es\/es\" target=\"_blank\" rel=\"noopener\"> <em>https:\/\/www.aepd.es\/es<\/em><\/a><\/p>\n\n\n\n<p>Para exercer estes direitos, escrever para info@grupoapellaniz.com.<\/p>\n\n\n\n<p><strong>Existe um formul\u00e1rio para exercer os seus direitos<\/strong>Pode encomend\u00e1-lo por correio eletr\u00f3nico ou, se preferir, pode utilizar<a href=\"https:\/\/www.aepd.es\/es\/derechos-y-deberes\/conoce-tus-derechos\" target=\"_blank\" rel=\"noopener\"> <em>os elaborados pela Ag\u00eancia Espanhola de Prote\u00e7\u00e3o de Dados ou por terceiros.<\/em><\/a><\/p>\n\n\n\n<p>Estes formul\u00e1rios devem ser assinados eletronicamente ou acompanhados de uma fotoc\u00f3pia do bilhete de identidade.<\/p>\n\n\n\n<p>Se se fizer representar por algu\u00e9m, deve anexar uma c\u00f3pia do seu bilhete de identidade ou assinar com a sua assinatura eletr\u00f3nica.<\/p>\n\n\n\n<p>Os formul\u00e1rios podem ser apresentados pessoalmente, por carta ou por correio para o endere\u00e7o da pessoa respons\u00e1vel indicado no in\u00edcio do presente texto.<\/p>\n\n\n\n<h2 class=\"wp-block-heading\"><strong>Notifica\u00e7\u00e3o de seguran\u00e7a e declara\u00e7\u00e3o de lacunas<\/strong><\/h2>\n\n\n\n<p>No GRUPO APELLANIZ, tomamos medidas de seguran\u00e7a adequadas ao n\u00edvel de prote\u00e7\u00e3o das informa\u00e7\u00f5es pessoais contra perda, uso indevido e acesso n\u00e3o autorizado, divulga\u00e7\u00e3o, altera\u00e7\u00e3o e destrui\u00e7\u00e3o, tendo em conta os riesgos envolvidos no processamento e a natureza das informa\u00e7\u00f5es pessoais; No entanto, se o GRUPO APELLANIZ constatar que os seus dados de servi\u00e7o foram desviados (incluindo por um empregado do GRUPO APELLANIZ), expostos por uma viola\u00e7\u00e3o de seguran\u00e7a ou adquiridos indevidamente por um terceiro, o GRUPO APELLANIZ inform\u00e1-lo-\u00e1 imediatamente dessa viola\u00e7\u00e3o de seguran\u00e7a, desvio ou aquisi\u00e7\u00e3o indevida.<\/p>\n\n\n\n<h2 class=\"wp-block-heading\"><strong>A que destinat\u00e1rios ser\u00e3o comunicados os seus dados?<\/strong><\/h2>\n\n\n\n<p>Muitas das ferramentas utilizadas neste s\u00edtio web para a gest\u00e3o dos dados s\u00e3o contratadas por terceiros. Para a presta\u00e7\u00e3o dos servi\u00e7os estritamente necess\u00e1rios ao desenvolvimento da atividade, o GRUPO APELLANIZ partilha os dados com os seguintes fornecedores, sob as respectivas condi\u00e7\u00f5es de privacidade:<\/p>\n\n\n\n<p>Prestadores de servi\u00e7os terceiros (por exemplo, servi\u00e7os de processamento de pagamentos, processamento de encomendas, an\u00e1lises, gest\u00e3o de campanhas de marketing, gest\u00e3o de s\u00edtios Web e distribui\u00e7\u00e3o de correio eletr\u00f3nico e outros prestadores de servi\u00e7os semelhantes) para que possam desempenhar fun\u00e7\u00f5es comerciais em nome do GRUPO APELLANIZ.<\/p>\n\n\n\n<p>Este s\u00edtio Web pode ser acedido ocasionalmente pela empresa de desenvolvimento e manuten\u00e7\u00e3o Web ou pela empresa de alojamento. Estas empresas assinaram um contrato de presta\u00e7\u00e3o de servi\u00e7os que as obriga a manter o mesmo n\u00edvel de privacidade que se aplica ao tratamento efectuado neste s\u00edtio Web.<\/p>\n\n\n\n<p>Qualquer transfer\u00eancia internacional de dados resultante da utiliza\u00e7\u00e3o de ferramentas ou prestadores de servi\u00e7os estar\u00e1 sujeita ao acordo Privacy Shield, que garante que as empresas de software americanas cumprem as pol\u00edticas europeias de prote\u00e7\u00e3o de dados em mat\u00e9ria de privacidade, sigilo e seguran\u00e7a dos dados.<\/p>\n\n\n\n<p>Especificamente, este s\u00edtio Web utiliza as seguintes ferramentas:<\/p>\n\n\n\n<ul class=\"wp-block-list\"><li>Ferramentas de an\u00e1lise: Google Analytics.<\/li><\/ul>\n\n\n\n<h2 class=\"wp-block-heading\"><strong>Sigilo e seguran\u00e7a dos dados<\/strong><\/h2>\n\n\n\n<p>grupoapellaniz.com compromete-se a utilizar e tratar os dados pessoais do utilizador, respeitando a sua confidencialidade, de acordo com a sua finalidade; bem como a cumprir a sua obriga\u00e7\u00e3o de os guardar e adaptar todas as medidas para evitar a sua altera\u00e7\u00e3o, perda, tratamento ou acesso n\u00e3o autorizado, em conformidade com o disposto na legisla\u00e7\u00e3o vigente em mat\u00e9ria de prote\u00e7\u00e3o de dados.<\/p>\n\n\n\n<p>Este s\u00edtio Web inclui um certificado SSL. Trata-se de um protocolo de seguran\u00e7a que faz com que os seus dados circulem de forma integral e segura; ou seja, a transmiss\u00e3o de dados entre um servidor e o utilizador da Web, e em retorno, \u00e9 totalmente cifrada ou encriptada.<\/p>\n\n\n\n<p>grupoapellaniz.com n\u00e3o pode garantir a absoluta inexpugnabilidade da rede de Internet, nem, portanto, a viola\u00e7\u00e3o de dados atrav\u00e9s do acesso fraudulento a eles por terceiros.<\/p>\n\n\n\n<p>No que diz respeito \u00e0 confidencialidade do tratamento, o GRUPO APELLANIZ assegurar\u00e1 que qualquer pessoa autorizada pelo GRUPO APELLANIZ a tratar os dados do Cliente (incluindo o seu pessoal, colaboradores e prestadores de servi\u00e7os) esteja sujeita a uma obriga\u00e7\u00e3o de confidencialidade adequada (quer se trate de uma obriga\u00e7\u00e3o contratual ou legal).<\/p>\n\n\n\n<p>Quando ocorrer um Incidente de Seguran\u00e7a, ao tomar conhecimento do mesmo, o GRUPO APELLANIZ notificar\u00e1 o Cliente sem atrasos injustificados e fornecer\u00e1 atempadamente informa\u00e7\u00f5es relacionadas com o Incidente de Seguran\u00e7a \u00e0 medida que este for sendo conhecido, ou quando razoavelmente solicitado pelo Cliente.<\/p>\n\n\n\n<h2 class=\"wp-block-heading\"><strong>Exatid\u00e3o e veracidade dos dados<\/strong><\/h2>\n\n\n\n<p>Como utilizador, \u00e9 o \u00fanico respons\u00e1vel pela veracidade e corre\u00e7\u00e3o dos dados que envia ao grupoapellaniz.com, exonerando a BUPRE S.L. (GRUPO APELLANIZ) de qualquer responsabilidade a este respeito. O utilizador garante e \u00e9 respons\u00e1vel, em qualquer caso, pela exatid\u00e3o, validade e autenticidade dos dados pessoais fornecidos, comprometendo-se a mant\u00ea-los devidamente actualizados. O utilizador compromete-se a fornecer informa\u00e7\u00f5es completas e correctas no formul\u00e1rio de contacto ou de subscri\u00e7\u00e3o.<\/p>\n\n\n\n<h2 class=\"wp-block-heading\"><strong>Revogabilidade<\/strong><\/h2>\n\n\n\n<p>O consentimento prestado, tanto para o tratamento como para a ced\u00eancia dos dados dos interessados, poder\u00e1 ser revogado em qualquer momento mediante comunica\u00e7\u00e3o \u00e0 BUPRE S.L. (GRUPO APELLANIZ) nos termos estabelecidos na presente Pol\u00edtica para o exerc\u00edcio dos direitos ARCO. Esta revoga\u00e7\u00e3o n\u00e3o ter\u00e1, em caso algum, efeitos retroactivos.<\/p>\n\n\n\n<h2 class=\"wp-block-heading\"><strong>Altera\u00e7\u00f5es \u00e0 pol\u00edtica de privacidade<\/strong><\/h2>\n\n\n\n<p>A BUPRE S.L. reserva-se o direito de modificar a presente pol\u00edtica para a adaptar \u00e0 nova legisla\u00e7\u00e3o ou jurisprud\u00eancia, bem como \u00e0s pr\u00e1ticas do sector. Nestes casos, anunciar\u00e1 nesta p\u00e1gina as altera\u00e7\u00f5es introduzidas com uma anteced\u00eancia razo\u00e1vel em rela\u00e7\u00e3o \u00e0 sua aplica\u00e7\u00e3o.<\/p>\n\n\n\n<p>Esta pol\u00edtica de privacidade foi actualizada pela \u00faltima vez em 24\/03\/2021.<\/p>","protected":false},"excerpt":{"rendered":"<p>O que \u00e9 e o que n\u00e3o \u00e9 feito com os seus dados pessoais neste website pode ser consultado aqui. Esta pol\u00edtica estabelece a forma como trataremos e protegeremos as informa\u00e7\u00f5es pessoais de todos os que interagem com o GRUPO APELLANIZ atrav\u00e9s deste s\u00edtio Web. Por favor, leia todas as sec\u00e7\u00f5es do Aviso Legal, [...]<\/p>","protected":false},"author":1,"featured_media":0,"parent":0,"menu_order":0,"comment_status":"closed","ping_status":"closed","template":"","meta":{"_acf_changed":false,"footnotes":""},"class_list":["post-3","page","type-page","status-publish","hentry"],"acf":[],"yoast_head":"<!-- This site is optimized with the Yoast SEO plugin v27.3 - https:\/\/yoast.com\/product\/yoast-seo-wordpress\/ -->\n<title>Pol\u00edtica de privacidad - Grupo Apell\u00e1niz<\/title>\n<meta name=\"robots\" content=\"index, follow, max-snippet:-1, max-image-preview:large, max-video-preview:-1\" \/>\n<link rel=\"canonical\" href=\"https:\/\/www.grupoapellaniz.com\/pt\/politica-de-privacidad\/\" \/>\n<meta property=\"og:locale\" content=\"pt_PT\" \/>\n<meta property=\"og:type\" content=\"article\" \/>\n<meta property=\"og:title\" content=\"Pol\u00edtica de privacidad - Grupo Apell\u00e1niz\" \/>\n<meta property=\"og:description\" content=\"Lo que se hace y no se hace con tus datos personales en esta web lo encontrar\u00e1s aqu\u00ed. Esta pol\u00edtica expresa c\u00f3mo se tratar\u00e1 y proteger\u00e1 la informaci\u00f3n personal de todas las personas que se relacionan con GRUPO APELLANIZ a trav\u00e9s de este sitio web. Por favor, debes leer todos los apartados del Aviso Legal, [&hellip;]\" \/>\n<meta property=\"og:url\" content=\"https:\/\/www.grupoapellaniz.com\/pt\/politica-de-privacidad\/\" \/>\n<meta property=\"og:site_name\" content=\"Grupo Apell\u00e1niz\" \/>\n<meta property=\"article:modified_time\" content=\"2021-03-24T21:28:19+00:00\" \/>\n<meta name=\"twitter:card\" content=\"summary_large_image\" \/>\n<meta name=\"twitter:label1\" content=\"Tempo estimado de leitura\" \/>\n\t<meta name=\"twitter:data1\" content=\"10 minutos\" \/>\n<script type=\"application\/ld+json\" class=\"yoast-schema-graph\">{\"@context\":\"https:\\\/\\\/schema.org\",\"@graph\":[{\"@type\":\"WebPage\",\"@id\":\"https:\\\/\\\/www.grupoapellaniz.com\\\/politica-de-privacidad\\\/\",\"url\":\"https:\\\/\\\/www.grupoapellaniz.com\\\/politica-de-privacidad\\\/\",\"name\":\"Pol\u00edtica de privacidad - Grupo Apell\u00e1niz\",\"isPartOf\":{\"@id\":\"https:\\\/\\\/www.grupoapellaniz.com\\\/#website\"},\"datePublished\":\"2020-05-06T16:58:14+00:00\",\"dateModified\":\"2021-03-24T21:28:19+00:00\",\"breadcrumb\":{\"@id\":\"https:\\\/\\\/www.grupoapellaniz.com\\\/politica-de-privacidad\\\/#breadcrumb\"},\"inLanguage\":\"pt-PT\",\"potentialAction\":[{\"@type\":\"ReadAction\",\"target\":[\"https:\\\/\\\/www.grupoapellaniz.com\\\/politica-de-privacidad\\\/\"]}]},{\"@type\":\"BreadcrumbList\",\"@id\":\"https:\\\/\\\/www.grupoapellaniz.com\\\/politica-de-privacidad\\\/#breadcrumb\",\"itemListElement\":[{\"@type\":\"ListItem\",\"position\":1,\"name\":\"Portada\",\"item\":\"https:\\\/\\\/www.grupoapellaniz.com\\\/\"},{\"@type\":\"ListItem\",\"position\":2,\"name\":\"Pol\u00edtica de privacidad\"}]},{\"@type\":\"WebSite\",\"@id\":\"https:\\\/\\\/www.grupoapellaniz.com\\\/#website\",\"url\":\"https:\\\/\\\/www.grupoapellaniz.com\\\/\",\"name\":\"Grupo Apell\u00e1niz\",\"description\":\"Elementos de sujeci\u00f3n galvanizados y prefabricados de hormig\u00f3n\",\"publisher\":{\"@id\":\"https:\\\/\\\/www.grupoapellaniz.com\\\/#organization\"},\"potentialAction\":[{\"@type\":\"SearchAction\",\"target\":{\"@type\":\"EntryPoint\",\"urlTemplate\":\"https:\\\/\\\/www.grupoapellaniz.com\\\/?s={search_term_string}\"},\"query-input\":{\"@type\":\"PropertyValueSpecification\",\"valueRequired\":true,\"valueName\":\"search_term_string\"}}],\"inLanguage\":\"pt-PT\"},{\"@type\":\"Organization\",\"@id\":\"https:\\\/\\\/www.grupoapellaniz.com\\\/#organization\",\"name\":\"Grupo Apell\u00e1niz\",\"url\":\"https:\\\/\\\/www.grupoapellaniz.com\\\/\",\"logo\":{\"@type\":\"ImageObject\",\"inLanguage\":\"pt-PT\",\"@id\":\"https:\\\/\\\/www.grupoapellaniz.com\\\/#\\\/schema\\\/logo\\\/image\\\/\",\"url\":\"https:\\\/\\\/www.grupoapellaniz.com\\\/wp-content\\\/uploads\\\/2020\\\/10\\\/logo-apellaniz.png\",\"contentUrl\":\"https:\\\/\\\/www.grupoapellaniz.com\\\/wp-content\\\/uploads\\\/2020\\\/10\\\/logo-apellaniz.png\",\"width\":300,\"height\":66,\"caption\":\"Grupo Apell\u00e1niz\"},\"image\":{\"@id\":\"https:\\\/\\\/www.grupoapellaniz.com\\\/#\\\/schema\\\/logo\\\/image\\\/\"}}]}<\/script>\n<!-- \/ Yoast SEO plugin. -->","yoast_head_json":{"title":"Pol\u00edtica de privacidad - Grupo Apell\u00e1niz","robots":{"index":"index","follow":"follow","max-snippet":"max-snippet:-1","max-image-preview":"max-image-preview:large","max-video-preview":"max-video-preview:-1"},"canonical":"https:\/\/www.grupoapellaniz.com\/pt\/politica-de-privacidad\/","og_locale":"pt_PT","og_type":"article","og_title":"Pol\u00edtica de privacidad - Grupo Apell\u00e1niz","og_description":"Lo que se hace y no se hace con tus datos personales en esta web lo encontrar\u00e1s aqu\u00ed. Esta pol\u00edtica expresa c\u00f3mo se tratar\u00e1 y proteger\u00e1 la informaci\u00f3n personal de todas las personas que se relacionan con GRUPO APELLANIZ a trav\u00e9s de este sitio web. Por favor, debes leer todos los apartados del Aviso Legal, [&hellip;]","og_url":"https:\/\/www.grupoapellaniz.com\/pt\/politica-de-privacidad\/","og_site_name":"Grupo Apell\u00e1niz","article_modified_time":"2021-03-24T21:28:19+00:00","twitter_card":"summary_large_image","twitter_misc":{"Tempo estimado de leitura":"10 minutos"},"schema":{"@context":"https:\/\/schema.org","@graph":[{"@type":"WebPage","@id":"https:\/\/www.grupoapellaniz.com\/politica-de-privacidad\/","url":"https:\/\/www.grupoapellaniz.com\/politica-de-privacidad\/","name":"Pol\u00edtica de privacidad - Grupo Apell\u00e1niz","isPartOf":{"@id":"https:\/\/www.grupoapellaniz.com\/#website"},"datePublished":"2020-05-06T16:58:14+00:00","dateModified":"2021-03-24T21:28:19+00:00","breadcrumb":{"@id":"https:\/\/www.grupoapellaniz.com\/politica-de-privacidad\/#breadcrumb"},"inLanguage":"pt-PT","potentialAction":[{"@type":"ReadAction","target":["https:\/\/www.grupoapellaniz.com\/politica-de-privacidad\/"]}]},{"@type":"BreadcrumbList","@id":"https:\/\/www.grupoapellaniz.com\/politica-de-privacidad\/#breadcrumb","itemListElement":[{"@type":"ListItem","position":1,"name":"Portada","item":"https:\/\/www.grupoapellaniz.com\/"},{"@type":"ListItem","position":2,"name":"Pol\u00edtica de privacidad"}]},{"@type":"WebSite","@id":"https:\/\/www.grupoapellaniz.com\/#website","url":"https:\/\/www.grupoapellaniz.com\/","name":"Grupo Apell\u00e1niz","description":"Elementos de sujeci\u00f3n galvanizados y prefabricados de hormig\u00f3n","publisher":{"@id":"https:\/\/www.grupoapellaniz.com\/#organization"},"potentialAction":[{"@type":"SearchAction","target":{"@type":"EntryPoint","urlTemplate":"https:\/\/www.grupoapellaniz.com\/?s={search_term_string}"},"query-input":{"@type":"PropertyValueSpecification","valueRequired":true,"valueName":"search_term_string"}}],"inLanguage":"pt-PT"},{"@type":"Organization","@id":"https:\/\/www.grupoapellaniz.com\/#organization","name":"Grupo Apell\u00e1niz","url":"https:\/\/www.grupoapellaniz.com\/","logo":{"@type":"ImageObject","inLanguage":"pt-PT","@id":"https:\/\/www.grupoapellaniz.com\/#\/schema\/logo\/image\/","url":"https:\/\/www.grupoapellaniz.com\/wp-content\/uploads\/2020\/10\/logo-apellaniz.png","contentUrl":"https:\/\/www.grupoapellaniz.com\/wp-content\/uploads\/2020\/10\/logo-apellaniz.png","width":300,"height":66,"caption":"Grupo Apell\u00e1niz"},"image":{"@id":"https:\/\/www.grupoapellaniz.com\/#\/schema\/logo\/image\/"}}]}},"_links":{"self":[{"href":"https:\/\/www.grupoapellaniz.com\/pt\/wp-json\/wp\/v2\/pages\/3","targetHints":{"allow":["GET"]}}],"collection":[{"href":"https:\/\/www.grupoapellaniz.com\/pt\/wp-json\/wp\/v2\/pages"}],"about":[{"href":"https:\/\/www.grupoapellaniz.com\/pt\/wp-json\/wp\/v2\/types\/page"}],"author":[{"embeddable":true,"href":"https:\/\/www.grupoapellaniz.com\/pt\/wp-json\/wp\/v2\/users\/1"}],"replies":[{"embeddable":true,"href":"https:\/\/www.grupoapellaniz.com\/pt\/wp-json\/wp\/v2\/comments?post=3"}],"version-history":[{"count":1,"href":"https:\/\/www.grupoapellaniz.com\/pt\/wp-json\/wp\/v2\/pages\/3\/revisions"}],"predecessor-version":[{"id":2324,"href":"https:\/\/www.grupoapellaniz.com\/pt\/wp-json\/wp\/v2\/pages\/3\/revisions\/2324"}],"wp:attachment":[{"href":"https:\/\/www.grupoapellaniz.com\/pt\/wp-json\/wp\/v2\/media?parent=3"}],"curies":[{"name":"wp","href":"https:\/\/api.w.org\/{rel}","templated":true}]}}