{"id":297,"date":"2020-05-19T15:29:26","date_gmt":"2020-05-19T15:29:26","guid":{"rendered":"https:\/\/www.grupoapellaniz.com\/?page_id=297"},"modified":"2021-02-18T16:40:26","modified_gmt":"2021-02-18T15:40:26","slug":"politica-de-cookies","status":"publish","type":"page","link":"https:\/\/www.grupoapellaniz.com\/pt\/politica-de-cookies\/","title":{"rendered":"Pol\u00edtica de cookies"},"content":{"rendered":"<p>Recolhemos e utilizamos as informa\u00e7\u00f5es neste s\u00edtio Web de acordo com a nossa pol\u00edtica de privacidade. Uma das formas de recolha de informa\u00e7\u00e3o \u00e9 atrav\u00e9s da utiliza\u00e7\u00e3o de tecnologia denominada \"cookies\". No grupoapellaniz.com, utilizamos cookies para uma s\u00e9rie de coisas.<\/p>\n\n\n\n<h2 class=\"wp-block-heading\"><strong>O que \u00e9 uma bolacha?<\/strong><\/h2>\n\n\n\n<p>Um \"cookie\" \u00e9 uma pequena quantidade de texto que \u00e9 armazenada no seu browser. <em>(por exemplo, o Chrome da Google ou o Safari da Apple)<\/em> ao navegar na maioria dos s\u00edtios Web.<\/p>\n\n\n\n<h2 class=\"wp-block-heading\"><strong>Aceita\u00e7\u00e3o de cookies<\/strong><\/h2>\n\n\n\n<p>Quando aceder a este s\u00edtio Web ou a esta aplica\u00e7\u00e3o pela primeira vez, aparecer\u00e1 um aviso informando-o da utiliza\u00e7\u00e3o de cookies e de onde pode consultar esta pol\u00edtica de cookies.&nbsp;<\/p>\n\n\n\n<p>N\u00e3o ser\u00e3o descarregados quaisquer cookies at\u00e9 que o utilizador consinta expressamente na instala\u00e7\u00e3o de cookies. Se o utilizador consentir na utiliza\u00e7\u00e3o de cookies, estes ser\u00e3o instalados no computador ou dispositivo do utilizador.<\/p>\n\n\n\n<p>Para al\u00e9m da utiliza\u00e7\u00e3o dos nossos pr\u00f3prios cookies, permitimos que terceiros definam e acedam a cookies no seu dispositivo.<\/p>\n\n\n\n<h2 class=\"wp-block-heading\"><strong>Que informa\u00e7\u00f5es \u00e9 que um cookie armazena?<\/strong><\/h2>\n\n\n\n<p>Normalmente, os cookies n\u00e3o armazenam informa\u00e7\u00f5es sens\u00edveis sobre o utilizador, como dados banc\u00e1rios ou de cart\u00f5es de cr\u00e9dito, fotografias ou informa\u00e7\u00f5es pessoais, etc. Os dados que armazenam s\u00e3o de car\u00e1cter t\u00e9cnico, estat\u00edstico, prefer\u00eancias pessoais, personaliza\u00e7\u00e3o de conte\u00fados, etc.<\/p>\n\n\n\n<h2 class=\"wp-block-heading\"><strong>Que tipos de cookies existem?<\/strong><\/h2>\n\n\n\n<ul class=\"wp-block-list\"><li><strong>Cookies t\u00e9cnicos:<\/strong> S\u00e3o as mais elementares e permitem, entre outras coisas, saber quando um humano ou uma aplica\u00e7\u00e3o automatizada est\u00e1 a navegar, quando um utilizador an\u00f3nimo e um utilizador registado est\u00e3o a navegar, tarefas b\u00e1sicas para o funcionamento de qualquer s\u00edtio Web din\u00e2mico.<\/li><li><strong>Cookies de an\u00e1lise:<\/strong> Recolhem informa\u00e7\u00f5es sobre o tipo de navega\u00e7\u00e3o que o utilizador faz, as sec\u00e7\u00f5es que mais utiliza, os produtos consultados, a hora do dia em que os utiliza, a l\u00edngua, etc.<\/li><li><strong>Cookies de publicidade:<\/strong> Apresentam publicidade com base nos seus h\u00e1bitos de navega\u00e7\u00e3o, pa\u00eds de origem, l\u00edngua, etc.<\/li><\/ul>\n\n\n\n<h2 class=\"wp-block-heading\"><strong>Cookies aceites pelo regulamento e cookies exclu\u00eddos<\/strong><\/h2>\n\n\n\n<p>De acordo com a diretiva da UE, os cookies que exigem o consentimento informado do utilizador s\u00e3o os cookies anal\u00edticos e os cookies de publicidade e afilia\u00e7\u00e3o, com exce\u00e7\u00e3o dos cookies t\u00e9cnicos e dos necess\u00e1rios para o funcionamento do s\u00edtio Web ou para a presta\u00e7\u00e3o de servi\u00e7os expressamente solicitados pelo utilizador.<\/p>\n\n\n\n<h2 class=\"wp-block-heading\"><strong>Que cookies utiliza este s\u00edtio Web?<\/strong><\/h2>\n\n\n\n<p>Este s\u00edtio Web utiliza cookies pr\u00f3prios e de terceiros. Neste s\u00edtio Web s\u00e3o utilizados os seguintes cookies:<\/p>\n\n\n\n<h3 class=\"wp-block-heading\"><strong>Bolachas pr\u00f3prias<\/strong><\/h3>\n\n\n\n<p><strong>Iniciar sess\u00e3o:<\/strong> Os cookies de in\u00edcio de sess\u00e3o permitem-lhe iniciar e terminar a sess\u00e3o na sua conta grupoapellaniz.com.<\/p>\n\n\n\n<p><strong>Personaliza\u00e7\u00e3o:<\/strong> Os cookies ajudam-nos a recordar com que pessoas ou s\u00edtios Web interagiu, para que possamos mostrar-lhe conte\u00fados relacionados.<\/p>\n\n\n\n<p><strong>Prefer\u00eancias:<\/strong> Os cookies permitem-nos recordar as suas defini\u00e7\u00f5es e prefer\u00eancias, como o seu idioma preferido e as defini\u00e7\u00f5es de privacidade.<\/p>\n\n\n\n<p><strong>Seguran\u00e7a: <\/strong>Utilizamos cookies para evitar riscos de seguran\u00e7a. Principalmente para detetar quando algu\u00e9m est\u00e1 a tentar entrar na sua conta grupoapellaniz.com.<\/p>\n\n\n\n<h3 class=\"wp-block-heading\"><strong>Cookies de terceiros<\/strong><\/h3>\n\n\n\n<p><strong><em>Cookies anal\u00edticos<\/em><\/strong><\/p>\n\n\n\n<p>Este s\u00edtio Web utiliza servi\u00e7os de an\u00e1lise, nomeadamente, <em>Google Analytics<\/em> para ajudar o s\u00edtio Web a analisar a utiliza\u00e7\u00e3o que os utilizadores fazem do s\u00edtio Web e melhorar a sua usabilidade, mas em caso algum est\u00e3o associados a dados que possam identificar o utilizador. O Google Analytics \u00e9 um servi\u00e7o de an\u00e1lise da Web fornecido pela Google Inc. O utilizador pode consultar<a href=\"https:\/\/www.google.es\/intl\/es\/policies\/technologies\/types\/\" target=\"_blank\" rel=\"noopener\"> <em>aqui<\/em><\/a> o tipo de cookies utilizados pelo Google.<\/p>\n\n\n\n<h3 class=\"wp-block-heading\"><strong>Os cookies podem ser eliminados?<\/strong><\/h3>\n\n\n\n<p>Sim, e n\u00e3o s\u00f3 apagar, mas tamb\u00e9m bloquear, seja de forma geral ou para um dom\u00ednio espec\u00edfico.<\/p>\n\n\n\n<p>Para eliminar os cookies de um s\u00edtio Web, deve ir \u00e0s defini\u00e7\u00f5es do seu navegador e a\u00ed pode procurar os cookies associados ao dom\u00ednio em quest\u00e3o e elimin\u00e1-los.<\/p>\n\n\n\n<ul class=\"wp-block-list\"><li>Defini\u00e7\u00f5es de cookies para<a href=\"http:\/\/support.google.com\/chrome\/bin\/answer.py?hl=es&amp;answer=95647\" target=\"_blank\" rel=\"noopener\"> <em>Google Chrome<\/em><\/a><\/li><li>Defini\u00e7\u00f5es de cookies para<a href=\"https:\/\/support.apple.com\/es-es\/HT201265\" target=\"_blank\" rel=\"noopener\"> <em>Apple Safari<\/em><\/a><\/li><li>Defini\u00e7\u00f5es de cookies para<a href=\"https:\/\/support.microsoft.com\/en-us\/help\/17442\/windows-internet-explorer-delete-manage-cookies#ie=ie-10\" target=\"_blank\" rel=\"noopener\"> <em>Internet Explorer<\/em><\/a><\/li><li>Defini\u00e7\u00f5es de cookies para<a href=\"https:\/\/support.mozilla.org\/es\/kb\/habilitar-y-deshabilitar-cookies-sitios-web-rastrear-preferencias?redirectlocale=es&amp;redirectslug=habilitar-y-deshabilitar-cookies-que-los-sitios-we\" target=\"_blank\" rel=\"noopener\"> <em>Mozilla Firefox<\/em><\/a><\/li><\/ul>\n\n\n\n<h3 class=\"wp-block-heading\"><strong>Aceita\u00e7\u00e3o de cookies<\/strong><\/h3>\n\n\n\n<p>Ao aceder a este s\u00edtio Web ou a esta aplica\u00e7\u00e3o pela primeira vez, ser\u00e1 apresentado um aviso informando-o da utiliza\u00e7\u00e3o de cookies e de onde pode consultar esta pol\u00edtica de cookies. Se o utilizador consentir na utiliza\u00e7\u00e3o de cookies, estes ser\u00e3o instalados no seu computador ou dispositivo.<\/p>\n\n\n\n<p>Para al\u00e9m da utiliza\u00e7\u00e3o dos nossos pr\u00f3prios cookies, permitimos que terceiros instalem e acedam a cookies no seu computador. O seu consentimento para a utiliza\u00e7\u00e3o de cookies destas empresas est\u00e1 associado \u00e0 sua navega\u00e7\u00e3o neste s\u00edtio Web.<\/p>\n\n\n\n<h3 class=\"wp-block-heading\"><strong>Mais informa\u00e7\u00f5es sobre cookies<\/strong><\/h3>\n\n\n\n<p>Pode consultar o regulamento sobre cookies publicado pela Ag\u00eancia Espanhola de Prote\u00e7\u00e3o de Dados no seu <em>\"<\/em><a href=\"https:\/\/www.aepd.es\/sites\/default\/files\/2020-07\/guia-cookies.pdf\" target=\"_blank\" rel=\"noopener\"><em>Guia sobre a utiliza\u00e7\u00e3o de cookies\".<\/em><\/a> e saber mais sobre cookies na Internet,<a href=\"http:\/\/www.aboutcookies.org\/\" target=\"_blank\" rel=\"noopener\"> <em>http:\/\/www.aboutcookies.org\/<\/em><\/a><\/p>\n\n\n\n<p>Se quiser ter mais controlo sobre a instala\u00e7\u00e3o de cookies, pode instalar programas ou complementos no seu browser, conhecidos como \"ferramentas de cookies\". <em>\"N\u00e3o rastrear<\/em>que lhe permitir\u00e1 escolher quais os cookies que pretende autorizar.<\/p>\n\n\n\n<p>Esta pol\u00edtica de cookies foi actualizada pela \u00faltima vez em 09\/02\/2021.<\/p>","protected":false},"excerpt":{"rendered":"<p>En esta web recopilamos y utilizamos la informaci\u00f3n seg\u00fan indicamos en nuestra pol\u00edtica de privacidad. Una de las formas en las que recopilamos informaci\u00f3n es a trav\u00e9s del uso de la tecnolog\u00eda llamada \u201ccookies\u201d. En grupoapellaniz.com, utilizamos cookies para varias cosas. \u00bfQu\u00e9 es una cookie? Una \u201ccookie\u201d es una peque\u00f1a cantidad de texto que se [&hellip;]<\/p>\n","protected":false},"author":1,"featured_media":0,"parent":0,"menu_order":0,"comment_status":"closed","ping_status":"closed","template":"","meta":{"_acf_changed":false,"footnotes":""},"class_list":["post-297","page","type-page","status-publish","hentry"],"acf":[],"yoast_head":"<!-- This site is optimized with the Yoast SEO plugin v27.4 - https:\/\/yoast.com\/product\/yoast-seo-wordpress\/ -->\n<title>Pol\u00edtica de cookies - Grupo Apell\u00e1niz<\/title>\n<meta name=\"robots\" content=\"index, follow, max-snippet:-1, max-image-preview:large, max-video-preview:-1\" \/>\n<link rel=\"canonical\" href=\"https:\/\/www.grupoapellaniz.com\/pt\/politica-de-cookies\/\" \/>\n<meta property=\"og:locale\" content=\"pt_PT\" \/>\n<meta property=\"og:type\" content=\"article\" \/>\n<meta property=\"og:title\" content=\"Pol\u00edtica de cookies - Grupo Apell\u00e1niz\" \/>\n<meta property=\"og:description\" content=\"En esta web recopilamos y utilizamos la informaci\u00f3n seg\u00fan indicamos en nuestra pol\u00edtica de privacidad. Una de las formas en las que recopilamos informaci\u00f3n es a trav\u00e9s del uso de la tecnolog\u00eda llamada \u201ccookies\u201d. En grupoapellaniz.com, utilizamos cookies para varias cosas. \u00bfQu\u00e9 es una cookie? Una \u201ccookie\u201d es una peque\u00f1a cantidad de texto que se [&hellip;]\" \/>\n<meta property=\"og:url\" content=\"https:\/\/www.grupoapellaniz.com\/pt\/politica-de-cookies\/\" \/>\n<meta property=\"og:site_name\" content=\"Grupo Apell\u00e1niz\" \/>\n<meta property=\"article:modified_time\" content=\"2021-02-18T15:40:26+00:00\" \/>\n<meta name=\"twitter:card\" content=\"summary_large_image\" \/>\n<meta name=\"twitter:label1\" content=\"Tempo estimado de leitura\" \/>\n\t<meta name=\"twitter:data1\" content=\"4 minutos\" \/>\n<script type=\"application\/ld+json\" class=\"yoast-schema-graph\">{\"@context\":\"https:\\\/\\\/schema.org\",\"@graph\":[{\"@type\":\"WebPage\",\"@id\":\"https:\\\/\\\/www.grupoapellaniz.com\\\/politica-de-cookies\\\/\",\"url\":\"https:\\\/\\\/www.grupoapellaniz.com\\\/politica-de-cookies\\\/\",\"name\":\"Pol\u00edtica de cookies - Grupo Apell\u00e1niz\",\"isPartOf\":{\"@id\":\"https:\\\/\\\/www.grupoapellaniz.com\\\/#website\"},\"datePublished\":\"2020-05-19T15:29:26+00:00\",\"dateModified\":\"2021-02-18T15:40:26+00:00\",\"breadcrumb\":{\"@id\":\"https:\\\/\\\/www.grupoapellaniz.com\\\/politica-de-cookies\\\/#breadcrumb\"},\"inLanguage\":\"pt-PT\",\"potentialAction\":[{\"@type\":\"ReadAction\",\"target\":[\"https:\\\/\\\/www.grupoapellaniz.com\\\/politica-de-cookies\\\/\"]}]},{\"@type\":\"BreadcrumbList\",\"@id\":\"https:\\\/\\\/www.grupoapellaniz.com\\\/politica-de-cookies\\\/#breadcrumb\",\"itemListElement\":[{\"@type\":\"ListItem\",\"position\":1,\"name\":\"Portada\",\"item\":\"https:\\\/\\\/www.grupoapellaniz.com\\\/\"},{\"@type\":\"ListItem\",\"position\":2,\"name\":\"Pol\u00edtica de cookies\"}]},{\"@type\":\"WebSite\",\"@id\":\"https:\\\/\\\/www.grupoapellaniz.com\\\/#website\",\"url\":\"https:\\\/\\\/www.grupoapellaniz.com\\\/\",\"name\":\"Grupo Apell\u00e1niz\",\"description\":\"Elementos de sujeci\u00f3n galvanizados y prefabricados de hormig\u00f3n\",\"publisher\":{\"@id\":\"https:\\\/\\\/www.grupoapellaniz.com\\\/#organization\"},\"potentialAction\":[{\"@type\":\"SearchAction\",\"target\":{\"@type\":\"EntryPoint\",\"urlTemplate\":\"https:\\\/\\\/www.grupoapellaniz.com\\\/?s={search_term_string}\"},\"query-input\":{\"@type\":\"PropertyValueSpecification\",\"valueRequired\":true,\"valueName\":\"search_term_string\"}}],\"inLanguage\":\"pt-PT\"},{\"@type\":\"Organization\",\"@id\":\"https:\\\/\\\/www.grupoapellaniz.com\\\/#organization\",\"name\":\"Grupo Apell\u00e1niz\",\"url\":\"https:\\\/\\\/www.grupoapellaniz.com\\\/\",\"logo\":{\"@type\":\"ImageObject\",\"inLanguage\":\"pt-PT\",\"@id\":\"https:\\\/\\\/www.grupoapellaniz.com\\\/#\\\/schema\\\/logo\\\/image\\\/\",\"url\":\"https:\\\/\\\/www.grupoapellaniz.com\\\/wp-content\\\/uploads\\\/2020\\\/10\\\/logo-apellaniz.png\",\"contentUrl\":\"https:\\\/\\\/www.grupoapellaniz.com\\\/wp-content\\\/uploads\\\/2020\\\/10\\\/logo-apellaniz.png\",\"width\":300,\"height\":66,\"caption\":\"Grupo Apell\u00e1niz\"},\"image\":{\"@id\":\"https:\\\/\\\/www.grupoapellaniz.com\\\/#\\\/schema\\\/logo\\\/image\\\/\"}}]}<\/script>\n<!-- \/ Yoast SEO plugin. -->","yoast_head_json":{"title":"Pol\u00edtica de cookies - Grupo Apell\u00e1niz","robots":{"index":"index","follow":"follow","max-snippet":"max-snippet:-1","max-image-preview":"max-image-preview:large","max-video-preview":"max-video-preview:-1"},"canonical":"https:\/\/www.grupoapellaniz.com\/pt\/politica-de-cookies\/","og_locale":"pt_PT","og_type":"article","og_title":"Pol\u00edtica de cookies - Grupo Apell\u00e1niz","og_description":"En esta web recopilamos y utilizamos la informaci\u00f3n seg\u00fan indicamos en nuestra pol\u00edtica de privacidad. Una de las formas en las que recopilamos informaci\u00f3n es a trav\u00e9s del uso de la tecnolog\u00eda llamada \u201ccookies\u201d. En grupoapellaniz.com, utilizamos cookies para varias cosas. \u00bfQu\u00e9 es una cookie? Una \u201ccookie\u201d es una peque\u00f1a cantidad de texto que se [&hellip;]","og_url":"https:\/\/www.grupoapellaniz.com\/pt\/politica-de-cookies\/","og_site_name":"Grupo Apell\u00e1niz","article_modified_time":"2021-02-18T15:40:26+00:00","twitter_card":"summary_large_image","twitter_misc":{"Tempo estimado de leitura":"4 minutos"},"schema":{"@context":"https:\/\/schema.org","@graph":[{"@type":"WebPage","@id":"https:\/\/www.grupoapellaniz.com\/politica-de-cookies\/","url":"https:\/\/www.grupoapellaniz.com\/politica-de-cookies\/","name":"Pol\u00edtica de cookies - Grupo Apell\u00e1niz","isPartOf":{"@id":"https:\/\/www.grupoapellaniz.com\/#website"},"datePublished":"2020-05-19T15:29:26+00:00","dateModified":"2021-02-18T15:40:26+00:00","breadcrumb":{"@id":"https:\/\/www.grupoapellaniz.com\/politica-de-cookies\/#breadcrumb"},"inLanguage":"pt-PT","potentialAction":[{"@type":"ReadAction","target":["https:\/\/www.grupoapellaniz.com\/politica-de-cookies\/"]}]},{"@type":"BreadcrumbList","@id":"https:\/\/www.grupoapellaniz.com\/politica-de-cookies\/#breadcrumb","itemListElement":[{"@type":"ListItem","position":1,"name":"Portada","item":"https:\/\/www.grupoapellaniz.com\/"},{"@type":"ListItem","position":2,"name":"Pol\u00edtica de cookies"}]},{"@type":"WebSite","@id":"https:\/\/www.grupoapellaniz.com\/#website","url":"https:\/\/www.grupoapellaniz.com\/","name":"Grupo Apell\u00e1niz","description":"Elementos de sujeci\u00f3n galvanizados y prefabricados de hormig\u00f3n","publisher":{"@id":"https:\/\/www.grupoapellaniz.com\/#organization"},"potentialAction":[{"@type":"SearchAction","target":{"@type":"EntryPoint","urlTemplate":"https:\/\/www.grupoapellaniz.com\/?s={search_term_string}"},"query-input":{"@type":"PropertyValueSpecification","valueRequired":true,"valueName":"search_term_string"}}],"inLanguage":"pt-PT"},{"@type":"Organization","@id":"https:\/\/www.grupoapellaniz.com\/#organization","name":"Grupo Apell\u00e1niz","url":"https:\/\/www.grupoapellaniz.com\/","logo":{"@type":"ImageObject","inLanguage":"pt-PT","@id":"https:\/\/www.grupoapellaniz.com\/#\/schema\/logo\/image\/","url":"https:\/\/www.grupoapellaniz.com\/wp-content\/uploads\/2020\/10\/logo-apellaniz.png","contentUrl":"https:\/\/www.grupoapellaniz.com\/wp-content\/uploads\/2020\/10\/logo-apellaniz.png","width":300,"height":66,"caption":"Grupo Apell\u00e1niz"},"image":{"@id":"https:\/\/www.grupoapellaniz.com\/#\/schema\/logo\/image\/"}}]}},"_links":{"self":[{"href":"https:\/\/www.grupoapellaniz.com\/pt\/wp-json\/wp\/v2\/pages\/297","targetHints":{"allow":["GET"]}}],"collection":[{"href":"https:\/\/www.grupoapellaniz.com\/pt\/wp-json\/wp\/v2\/pages"}],"about":[{"href":"https:\/\/www.grupoapellaniz.com\/pt\/wp-json\/wp\/v2\/types\/page"}],"author":[{"embeddable":true,"href":"https:\/\/www.grupoapellaniz.com\/pt\/wp-json\/wp\/v2\/users\/1"}],"replies":[{"embeddable":true,"href":"https:\/\/www.grupoapellaniz.com\/pt\/wp-json\/wp\/v2\/comments?post=297"}],"version-history":[{"count":0,"href":"https:\/\/www.grupoapellaniz.com\/pt\/wp-json\/wp\/v2\/pages\/297\/revisions"}],"wp:attachment":[{"href":"https:\/\/www.grupoapellaniz.com\/pt\/wp-json\/wp\/v2\/media?parent=297"}],"curies":[{"name":"wp","href":"https:\/\/api.w.org\/{rel}","templated":true}]}}