{"id":1881,"date":"2021-01-28T16:21:14","date_gmt":"2021-01-28T15:21:14","guid":{"rendered":"https:\/\/www.grupoapellaniz.com\/?page_id=1881"},"modified":"2025-05-06T12:43:44","modified_gmt":"2025-05-06T10:43:44","slug":"certificados","status":"publish","type":"page","link":"https:\/\/www.grupoapellaniz.com\/pt\/certificados\/","title":{"rendered":"Certificados"},"content":{"rendered":"<div data-elementor-type=\"wp-page\" data-elementor-id=\"1881\" class=\"elementor elementor-1881\" data-elementor-post-type=\"page\">\n\t\t\t\t\t\t<section class=\"elementor-section elementor-top-section elementor-element elementor-element-243dee4 elementor-section-boxed elementor-section-height-default elementor-section-height-default\" data-id=\"243dee4\" data-element_type=\"section\">\n\t\t\t\t\t\t<div class=\"elementor-container elementor-column-gap-default\">\n\t\t\t\t\t<div class=\"elementor-column elementor-col-100 elementor-top-column elementor-element elementor-element-d2a728b\" data-id=\"d2a728b\" data-element_type=\"column\">\n\t\t\t<div class=\"elementor-widget-wrap elementor-element-populated\">\n\t\t\t\t\t\t<div class=\"elementor-element elementor-element-1c53901 elementor-widget elementor-widget-shortcode\" data-id=\"1c53901\" data-element_type=\"widget\" data-widget_type=\"shortcode.default\">\n\t\t\t\t<div class=\"elementor-widget-container\">\n\t\t\t\t\t\t\t<div class=\"elementor-shortcode\"><ul class=\"dlm-downloads\"><li><a class=\"download-link filetype-icon filetype-pdf\"\r\n   title=\"Vers\u00e3o 26\" href=\"https:\/\/www.grupoapellaniz.com\/pt\/download\/3805\/?tmstv=1776769739\" rel=\"nofollow\">\r\n\tCertifica\u00e7\u00e3o ADIF Aprova\u00e7\u00e3o do fornecimento de condutas pr\u00e9-fabricadas de bet\u00e3o.\t\r\n<\/a><\/li><li><a class=\"download-link filetype-icon filetype-pdf\"\r\n   title=\"\" href=\"https:\/\/www.grupoapellaniz.com\/pt\/download\/3801\/?tmstv=1776769739\" rel=\"nofollow\">\r\n\tCertificado Bureau Veritas Norma UNE-EN 124-4:2015 - Elementos de Sujeci\u00f3n Galvanizados\t\r\n<\/a><\/li><li><a class=\"download-link filetype-icon filetype-pdf\"\r\n   title=\"\" href=\"https:\/\/www.grupoapellaniz.com\/pt\/download\/3794\/?tmstv=1776769739\" rel=\"nofollow\">\r\n\tCertificado Bureau Veritas Norma UNE-EN 124-4:2015 - BUPRE\t\r\n<\/a><\/li><li><a class=\"download-link filetype-icon filetype-pdf\"\r\n   title=\"\" href=\"https:\/\/www.grupoapellaniz.com\/pt\/download\/3513\/?tmstv=1776769739\" rel=\"nofollow\">\r\n\tCertificado de Calidad y Sostenibilidad ATEG\t\r\n<\/a><\/li><li><a class=\"download-link filetype-icon filetype-pdf\"\r\n   title=\"Vers\u00e3o en iso 140012015 por oca cert.\" href=\"https:\/\/www.grupoapellaniz.com\/pt\/download\/3458\/?tmstv=1776769739\" rel=\"nofollow\">\r\n\tCertificaci\u00f3n del Sistema de gesti\u00f3n medioambiental de BUPRE, S.L. conforme con la norma UNE-EN ISO 14001:2015 por OCA CERT.\t\r\n<\/a><\/li><li><a class=\"download-link filetype-icon filetype-pdf\"\r\n   title=\"\" href=\"https:\/\/www.grupoapellaniz.com\/pt\/download\/3422\/?tmstv=1776769739\" rel=\"nofollow\">\r\n\tCertificado de Cumplimiento de la Especificaci\u00f3n UNE 0072. PRFV para l\u00edneas a\u00e9reas de Telecomunicaciones\t\r\n<\/a><\/li><li><a class=\"download-link filetype-icon filetype-pdf\"\r\n   title=\"\" href=\"https:\/\/www.grupoapellaniz.com\/pt\/download\/1907\/?tmstv=1776769739\" rel=\"nofollow\">\r\n\tCertifica\u00e7\u00e3o ENAC ISO 9001\t\r\n<\/a><\/li><li><a class=\"download-link filetype-icon filetype-pdf\"\r\n   title=\"\" href=\"https:\/\/www.grupoapellaniz.com\/pt\/download\/1904\/?tmstv=1776769739\" rel=\"nofollow\">\r\n\tCertifica\u00e7\u00e3o ATISAE Homologa\u00e7\u00e3o ATISAE Processo de soldadura UNE EN ISO 15614-1 E NORMA EN 287-1\t\r\n<\/a><\/li><\/ul>\n\t\t\t\t\n<\/div>\n\t\t\t\t\t\t<\/div>\n\t\t\t\t<\/div>\n\t\t\t\t\t<\/div>\n\t\t<\/div>\n\t\t\t\t\t<\/div>\n\t\t<\/section>\n\t\t<div class=\"elementor-element elementor-element-6ef602c e-flex e-con-boxed e-con e-parent\" data-id=\"6ef602c\" data-element_type=\"container\">\n\t\t\t\t\t<div class=\"e-con-inner\">\n\t\t\t\t\t<\/div>\n\t\t\t\t<\/div>\n\t\t\t\t<\/div>","protected":false},"excerpt":{"rendered":"","protected":false},"author":1,"featured_media":0,"parent":0,"menu_order":0,"comment_status":"closed","ping_status":"closed","template":"","meta":{"_acf_changed":false,"footnotes":""},"class_list":["post-1881","page","type-page","status-publish","hentry"],"acf":[],"yoast_head":"<!-- This site is optimized with the Yoast SEO plugin v27.3 - https:\/\/yoast.com\/product\/yoast-seo-wordpress\/ -->\n<title>Certificados - Grupo Apell\u00e1niz<\/title>\n<meta name=\"robots\" content=\"index, follow, max-snippet:-1, max-image-preview:large, max-video-preview:-1\" \/>\n<link rel=\"canonical\" href=\"https:\/\/www.grupoapellaniz.com\/pt\/certificados\/\" \/>\n<meta property=\"og:locale\" content=\"pt_PT\" \/>\n<meta property=\"og:type\" content=\"article\" \/>\n<meta property=\"og:title\" content=\"Certificados - Grupo Apell\u00e1niz\" \/>\n<meta property=\"og:url\" content=\"https:\/\/www.grupoapellaniz.com\/pt\/certificados\/\" \/>\n<meta property=\"og:site_name\" content=\"Grupo Apell\u00e1niz\" \/>\n<meta property=\"article:modified_time\" content=\"2025-05-06T10:43:44+00:00\" \/>\n<meta name=\"twitter:card\" content=\"summary_large_image\" \/>\n<script type=\"application\/ld+json\" class=\"yoast-schema-graph\">{\"@context\":\"https:\\\/\\\/schema.org\",\"@graph\":[{\"@type\":\"WebPage\",\"@id\":\"https:\\\/\\\/www.grupoapellaniz.com\\\/certificados\\\/\",\"url\":\"https:\\\/\\\/www.grupoapellaniz.com\\\/certificados\\\/\",\"name\":\"Certificados - Grupo Apell\u00e1niz\",\"isPartOf\":{\"@id\":\"https:\\\/\\\/www.grupoapellaniz.com\\\/#website\"},\"datePublished\":\"2021-01-28T15:21:14+00:00\",\"dateModified\":\"2025-05-06T10:43:44+00:00\",\"breadcrumb\":{\"@id\":\"https:\\\/\\\/www.grupoapellaniz.com\\\/certificados\\\/#breadcrumb\"},\"inLanguage\":\"pt-PT\",\"potentialAction\":[{\"@type\":\"ReadAction\",\"target\":[\"https:\\\/\\\/www.grupoapellaniz.com\\\/certificados\\\/\"]}]},{\"@type\":\"BreadcrumbList\",\"@id\":\"https:\\\/\\\/www.grupoapellaniz.com\\\/certificados\\\/#breadcrumb\",\"itemListElement\":[{\"@type\":\"ListItem\",\"position\":1,\"name\":\"Portada\",\"item\":\"https:\\\/\\\/www.grupoapellaniz.com\\\/\"},{\"@type\":\"ListItem\",\"position\":2,\"name\":\"Certificados\"}]},{\"@type\":\"WebSite\",\"@id\":\"https:\\\/\\\/www.grupoapellaniz.com\\\/#website\",\"url\":\"https:\\\/\\\/www.grupoapellaniz.com\\\/\",\"name\":\"Grupo Apell\u00e1niz\",\"description\":\"Elementos de sujeci\u00f3n galvanizados y prefabricados de hormig\u00f3n\",\"publisher\":{\"@id\":\"https:\\\/\\\/www.grupoapellaniz.com\\\/#organization\"},\"potentialAction\":[{\"@type\":\"SearchAction\",\"target\":{\"@type\":\"EntryPoint\",\"urlTemplate\":\"https:\\\/\\\/www.grupoapellaniz.com\\\/?s={search_term_string}\"},\"query-input\":{\"@type\":\"PropertyValueSpecification\",\"valueRequired\":true,\"valueName\":\"search_term_string\"}}],\"inLanguage\":\"pt-PT\"},{\"@type\":\"Organization\",\"@id\":\"https:\\\/\\\/www.grupoapellaniz.com\\\/#organization\",\"name\":\"Grupo Apell\u00e1niz\",\"url\":\"https:\\\/\\\/www.grupoapellaniz.com\\\/\",\"logo\":{\"@type\":\"ImageObject\",\"inLanguage\":\"pt-PT\",\"@id\":\"https:\\\/\\\/www.grupoapellaniz.com\\\/#\\\/schema\\\/logo\\\/image\\\/\",\"url\":\"https:\\\/\\\/www.grupoapellaniz.com\\\/wp-content\\\/uploads\\\/2020\\\/10\\\/logo-apellaniz.png\",\"contentUrl\":\"https:\\\/\\\/www.grupoapellaniz.com\\\/wp-content\\\/uploads\\\/2020\\\/10\\\/logo-apellaniz.png\",\"width\":300,\"height\":66,\"caption\":\"Grupo Apell\u00e1niz\"},\"image\":{\"@id\":\"https:\\\/\\\/www.grupoapellaniz.com\\\/#\\\/schema\\\/logo\\\/image\\\/\"}}]}<\/script>\n<!-- \/ Yoast SEO plugin. -->","yoast_head_json":{"title":"Certificados - Grupo Apell\u00e1niz","robots":{"index":"index","follow":"follow","max-snippet":"max-snippet:-1","max-image-preview":"max-image-preview:large","max-video-preview":"max-video-preview:-1"},"canonical":"https:\/\/www.grupoapellaniz.com\/pt\/certificados\/","og_locale":"pt_PT","og_type":"article","og_title":"Certificados - Grupo Apell\u00e1niz","og_url":"https:\/\/www.grupoapellaniz.com\/pt\/certificados\/","og_site_name":"Grupo Apell\u00e1niz","article_modified_time":"2025-05-06T10:43:44+00:00","twitter_card":"summary_large_image","schema":{"@context":"https:\/\/schema.org","@graph":[{"@type":"WebPage","@id":"https:\/\/www.grupoapellaniz.com\/certificados\/","url":"https:\/\/www.grupoapellaniz.com\/certificados\/","name":"Certificados - Grupo Apell\u00e1niz","isPartOf":{"@id":"https:\/\/www.grupoapellaniz.com\/#website"},"datePublished":"2021-01-28T15:21:14+00:00","dateModified":"2025-05-06T10:43:44+00:00","breadcrumb":{"@id":"https:\/\/www.grupoapellaniz.com\/certificados\/#breadcrumb"},"inLanguage":"pt-PT","potentialAction":[{"@type":"ReadAction","target":["https:\/\/www.grupoapellaniz.com\/certificados\/"]}]},{"@type":"BreadcrumbList","@id":"https:\/\/www.grupoapellaniz.com\/certificados\/#breadcrumb","itemListElement":[{"@type":"ListItem","position":1,"name":"Portada","item":"https:\/\/www.grupoapellaniz.com\/"},{"@type":"ListItem","position":2,"name":"Certificados"}]},{"@type":"WebSite","@id":"https:\/\/www.grupoapellaniz.com\/#website","url":"https:\/\/www.grupoapellaniz.com\/","name":"Grupo Apell\u00e1niz","description":"Elementos de sujeci\u00f3n galvanizados y prefabricados de hormig\u00f3n","publisher":{"@id":"https:\/\/www.grupoapellaniz.com\/#organization"},"potentialAction":[{"@type":"SearchAction","target":{"@type":"EntryPoint","urlTemplate":"https:\/\/www.grupoapellaniz.com\/?s={search_term_string}"},"query-input":{"@type":"PropertyValueSpecification","valueRequired":true,"valueName":"search_term_string"}}],"inLanguage":"pt-PT"},{"@type":"Organization","@id":"https:\/\/www.grupoapellaniz.com\/#organization","name":"Grupo Apell\u00e1niz","url":"https:\/\/www.grupoapellaniz.com\/","logo":{"@type":"ImageObject","inLanguage":"pt-PT","@id":"https:\/\/www.grupoapellaniz.com\/#\/schema\/logo\/image\/","url":"https:\/\/www.grupoapellaniz.com\/wp-content\/uploads\/2020\/10\/logo-apellaniz.png","contentUrl":"https:\/\/www.grupoapellaniz.com\/wp-content\/uploads\/2020\/10\/logo-apellaniz.png","width":300,"height":66,"caption":"Grupo Apell\u00e1niz"},"image":{"@id":"https:\/\/www.grupoapellaniz.com\/#\/schema\/logo\/image\/"}}]}},"_links":{"self":[{"href":"https:\/\/www.grupoapellaniz.com\/pt\/wp-json\/wp\/v2\/pages\/1881","targetHints":{"allow":["GET"]}}],"collection":[{"href":"https:\/\/www.grupoapellaniz.com\/pt\/wp-json\/wp\/v2\/pages"}],"about":[{"href":"https:\/\/www.grupoapellaniz.com\/pt\/wp-json\/wp\/v2\/types\/page"}],"author":[{"embeddable":true,"href":"https:\/\/www.grupoapellaniz.com\/pt\/wp-json\/wp\/v2\/users\/1"}],"replies":[{"embeddable":true,"href":"https:\/\/www.grupoapellaniz.com\/pt\/wp-json\/wp\/v2\/comments?post=1881"}],"version-history":[{"count":16,"href":"https:\/\/www.grupoapellaniz.com\/pt\/wp-json\/wp\/v2\/pages\/1881\/revisions"}],"predecessor-version":[{"id":3421,"href":"https:\/\/www.grupoapellaniz.com\/pt\/wp-json\/wp\/v2\/pages\/1881\/revisions\/3421"}],"wp:attachment":[{"href":"https:\/\/www.grupoapellaniz.com\/pt\/wp-json\/wp\/v2\/media?parent=1881"}],"curies":[{"name":"wp","href":"https:\/\/api.w.org\/{rel}","templated":true}]}}