{"id":3860,"date":"2026-04-14T12:22:44","date_gmt":"2026-04-14T10:22:44","guid":{"rendered":"https:\/\/www.grupoapellaniz.com\/?page_id=3860"},"modified":"2026-04-14T12:38:26","modified_gmt":"2026-04-14T10:38:26","slug":"politica-de-calidad","status":"publish","type":"page","link":"https:\/\/www.grupoapellaniz.com\/fr\/politica-de-calidad\/","title":{"rendered":"Pol\u00edtica de Calidad"},"content":{"rendered":"<div data-elementor-type=\"wp-page\" data-elementor-id=\"3860\" class=\"elementor elementor-3860\" data-elementor-post-type=\"page\">\n\t\t\t\t<div class=\"elementor-element elementor-element-2b0f7271 e-flex e-con-boxed e-con e-parent\" data-id=\"2b0f7271\" data-element_type=\"container\">\n\t\t\t\t\t<div class=\"e-con-inner\">\n\t\t\t\t<div class=\"elementor-element elementor-element-6378fe75 elementor-widget elementor-widget-text-editor\" data-id=\"6378fe75\" data-element_type=\"widget\" data-widget_type=\"text-editor.default\">\n\t\t\t\t<div class=\"elementor-widget-container\">\n\t\t\t\t\t\t\t\t\t\n<p>La Direcci\u00f3n y toda la Organizaci\u00f3n de <strong><a href=\"https:\/\/www.grupoapellaniz.com\/fr\/catalogo\/esg\/\">ESG, S.L.<\/a> \/ <a href=\"https:\/\/www.grupoapellaniz.com\/fr\/catalogo\/bupre\/\">BUPRE, S.L.<\/a>,<\/strong> dedicada a:<\/p>\n\n<ul class=\"wp-block-list\">\n<li>Fabricaci\u00f3n de Prefabricados de Hormig\u00f3n.<\/li>\n\n<li>Fabricaci\u00f3n de Herrajes y Piezas Met\u00e1licas varias.<\/li>\n\n<li>Galvanizado en Caliente por Inmersi\u00f3n de Materiales de Acero y Fundici\u00f3n.<\/li>\n\n<li>Comercializaci\u00f3n de Elementos de Fundici\u00f3n.<\/li>\n<\/ul>\n\n<p>Basa su Pol\u00edtica de Gesti\u00f3n de Calidad en los siguientes principios:<br \/><br \/>Les <strong>Calidad<\/strong> es nuestro principal compromiso, y el cimiento sobre el que se debe consolidar nuestro trabajo y nuestra Organizaci\u00f3n.<br \/>\u00a0<br \/>La total <strong>Satisfacci\u00f3n de nuestros Clientes<\/strong> es el fin fundamental de nuestro trabajo, nuestro esfuerzo y nuestra existencia.<br \/><br \/>Debemos transmitir <strong>Seguridad y Fiabilidad<\/strong> a nuestros clientes, conocedores de que el cumplimiento de sus necesidades y expectativas es la mejor carta de presentaci\u00f3n y proporciona nuevas oportunidades de trabajo.<br \/>\u00a0<br \/>Todos y cada uno de los miembros de la Organizaci\u00f3n, contribuyen y deben contribuir con su d Organizaci\u00f3n.<br \/><br \/>Una buena <strong>comunicaci\u00f3n y coordinaci\u00f3n<\/strong> entre todos los integrantes y departamentos de la organizaci\u00f3n son factores fundamentales para cumplir con nuestra Pol\u00edtica de Calidad.<br \/><br \/>Les <strong>Mejora Continua, la Creatividad y nuestros Desarrollos I+D+l,<\/strong> junto con la <strong>Agilidad de Fabricaci\u00f3n y Suministro<\/strong>, son los pilares sobre los que la Organizaci\u00f3n debe apoyarse para mantener e incrementar sus posibilidades de \u00e9xito. La <strong>Mejora Interna Productiva y su Control <\/strong>deben ser fundamentales para nuestros logros, mejorando en el d\u00eda a d\u00eda nuestros ratios productivos.<br \/><br \/>Con el fin de poder llevar a buen t\u00e9rmino y mantener los principios establecidos, cumpliendo con las necesidades y exigencias de los clientes, y consciente de su importancia y las necesidades que requiere, la Direcci\u00f3n se compromete a proporcionar todos los medios necesarios a su alcance.<br \/><br \/>Los objetivos de Calidad, emanan de la Planificaci\u00f3n Estrat\u00e9gica, la Gesti\u00f3n del Riesgo as\u00ed como de la Pol\u00edtica de Calidad de la Empresa, siendo esta \u00faltima revisada peri\u00f3dicamente en Rev. por la Direcci\u00f3n.<\/p>\n\n<p>Esta pol\u00edtica de privacidad ha sido actualizada por \u00faltima vez el 30\/01\/2018.<\/p>\n\n<div class=\"wp-block-file\"><a id=\"wp-block-file--media-ab356b1a-d033-4f2a-aefc-ba8cc686aebc\" href=\"https:\/\/www.grupoapellaniz.com\/wp-content\/uploads\/2026\/04\/politica-de-calidad-firmada.pdf\">POLITICA DE CALIDAD (Firmada)<\/a>\u00a0 \u00a0<span style=\"color: #ffffff;\"><a class=\"wp-block-file__button wp-element-button\" style=\"color: #ffffff;\" href=\"https:\/\/www.grupoapellaniz.com\/wp-content\/uploads\/2026\/04\/politica-de-calidad-firmada.pdf\" download=\"\" aria-describedby=\"wp-block-file--media-ab356b1a-d033-4f2a-aefc-ba8cc686aebc\">T\u00e9l\u00e9charger<\/a><\/span><\/div>\n\t\t\t\t\t\t\t\t<\/div>\n\t\t\t\t<\/div>\n\t\t\t\t\t<\/div>\n\t\t\t\t<\/div>\n\t\t\t\t<\/div>","protected":false},"excerpt":{"rendered":"<p>La Direcci\u00f3n y toda la Organizaci\u00f3n de ESG, S.L. \/ BUPRE, S.L., dedicada a: Basa su Pol\u00edtica de Gesti\u00f3n de Calidad en los siguientes principios: La Calidad es nuestro principal compromiso, y el cimiento sobre el que se debe consolidar nuestro trabajo y nuestra Organizaci\u00f3n.\u00a0La total Satisfacci\u00f3n de nuestros Clientes es el fin fundamental de [&hellip;]<\/p>","protected":false},"author":3,"featured_media":0,"parent":0,"menu_order":0,"comment_status":"closed","ping_status":"closed","template":"","meta":{"_acf_changed":false,"footnotes":""},"class_list":["post-3860","page","type-page","status-publish","hentry"],"acf":[],"yoast_head":"<!-- This site is optimized with the Yoast SEO plugin v27.3 - https:\/\/yoast.com\/product\/yoast-seo-wordpress\/ -->\n<title>Pol\u00edtica de Calidad | Grupo Apell\u00e1niz<\/title>\n<meta name=\"description\" content=\"La calidad es nuestro principal compromiso, y sus bases est\u00e1n recogidas en nuestra Politica de Calidad que puedes consultar en la web.\" \/>\n<meta name=\"robots\" content=\"index, follow, max-snippet:-1, max-image-preview:large, max-video-preview:-1\" \/>\n<link rel=\"canonical\" href=\"https:\/\/www.grupoapellaniz.com\/fr\/politica-de-calidad\/\" \/>\n<meta property=\"og:locale\" content=\"fr_FR\" \/>\n<meta property=\"og:type\" content=\"article\" \/>\n<meta property=\"og:title\" content=\"Pol\u00edtica de Calidad | Grupo Apell\u00e1niz\" \/>\n<meta property=\"og:description\" content=\"La calidad es nuestro principal compromiso, y sus bases est\u00e1n recogidas en nuestra Politica de Calidad que puedes consultar en la web.\" \/>\n<meta property=\"og:url\" content=\"https:\/\/www.grupoapellaniz.com\/fr\/politica-de-calidad\/\" \/>\n<meta property=\"og:site_name\" content=\"Grupo Apell\u00e1niz\" \/>\n<meta property=\"article:modified_time\" content=\"2026-04-14T10:38:26+00:00\" \/>\n<meta name=\"twitter:card\" content=\"summary_large_image\" \/>\n<meta name=\"twitter:label1\" content=\"Dur\u00e9e de lecture estim\u00e9e\" \/>\n\t<meta name=\"twitter:data1\" content=\"2 minutes\" \/>\n<script type=\"application\/ld+json\" class=\"yoast-schema-graph\">{\"@context\":\"https:\\\/\\\/schema.org\",\"@graph\":[{\"@type\":\"WebPage\",\"@id\":\"https:\\\/\\\/www.grupoapellaniz.com\\\/politica-de-calidad\\\/\",\"url\":\"https:\\\/\\\/www.grupoapellaniz.com\\\/politica-de-calidad\\\/\",\"name\":\"Pol\u00edtica de Calidad | Grupo Apell\u00e1niz\",\"isPartOf\":{\"@id\":\"https:\\\/\\\/www.grupoapellaniz.com\\\/#website\"},\"datePublished\":\"2026-04-14T10:22:44+00:00\",\"dateModified\":\"2026-04-14T10:38:26+00:00\",\"description\":\"La calidad es nuestro principal compromiso, y sus bases est\u00e1n recogidas en nuestra Politica de Calidad que puedes consultar en la web.\",\"breadcrumb\":{\"@id\":\"https:\\\/\\\/www.grupoapellaniz.com\\\/politica-de-calidad\\\/#breadcrumb\"},\"inLanguage\":\"fr-FR\",\"potentialAction\":[{\"@type\":\"ReadAction\",\"target\":[\"https:\\\/\\\/www.grupoapellaniz.com\\\/politica-de-calidad\\\/\"]}]},{\"@type\":\"BreadcrumbList\",\"@id\":\"https:\\\/\\\/www.grupoapellaniz.com\\\/politica-de-calidad\\\/#breadcrumb\",\"itemListElement\":[{\"@type\":\"ListItem\",\"position\":1,\"name\":\"Portada\",\"item\":\"https:\\\/\\\/www.grupoapellaniz.com\\\/\"},{\"@type\":\"ListItem\",\"position\":2,\"name\":\"Pol\u00edtica de Calidad\"}]},{\"@type\":\"WebSite\",\"@id\":\"https:\\\/\\\/www.grupoapellaniz.com\\\/#website\",\"url\":\"https:\\\/\\\/www.grupoapellaniz.com\\\/\",\"name\":\"Grupo Apell\u00e1niz\",\"description\":\"Elementos de sujeci\u00f3n galvanizados y prefabricados de hormig\u00f3n\",\"publisher\":{\"@id\":\"https:\\\/\\\/www.grupoapellaniz.com\\\/#organization\"},\"potentialAction\":[{\"@type\":\"SearchAction\",\"target\":{\"@type\":\"EntryPoint\",\"urlTemplate\":\"https:\\\/\\\/www.grupoapellaniz.com\\\/?s={search_term_string}\"},\"query-input\":{\"@type\":\"PropertyValueSpecification\",\"valueRequired\":true,\"valueName\":\"search_term_string\"}}],\"inLanguage\":\"fr-FR\"},{\"@type\":\"Organization\",\"@id\":\"https:\\\/\\\/www.grupoapellaniz.com\\\/#organization\",\"name\":\"Grupo Apell\u00e1niz\",\"url\":\"https:\\\/\\\/www.grupoapellaniz.com\\\/\",\"logo\":{\"@type\":\"ImageObject\",\"inLanguage\":\"fr-FR\",\"@id\":\"https:\\\/\\\/www.grupoapellaniz.com\\\/#\\\/schema\\\/logo\\\/image\\\/\",\"url\":\"https:\\\/\\\/www.grupoapellaniz.com\\\/wp-content\\\/uploads\\\/2020\\\/10\\\/logo-apellaniz.png\",\"contentUrl\":\"https:\\\/\\\/www.grupoapellaniz.com\\\/wp-content\\\/uploads\\\/2020\\\/10\\\/logo-apellaniz.png\",\"width\":300,\"height\":66,\"caption\":\"Grupo Apell\u00e1niz\"},\"image\":{\"@id\":\"https:\\\/\\\/www.grupoapellaniz.com\\\/#\\\/schema\\\/logo\\\/image\\\/\"}}]}<\/script>\n<!-- \/ Yoast SEO plugin. -->","yoast_head_json":{"title":"Pol\u00edtica de Calidad | Grupo Apell\u00e1niz","description":"La calidad es nuestro principal compromiso, y sus bases est\u00e1n recogidas en nuestra Politica de Calidad que puedes consultar en la web.","robots":{"index":"index","follow":"follow","max-snippet":"max-snippet:-1","max-image-preview":"max-image-preview:large","max-video-preview":"max-video-preview:-1"},"canonical":"https:\/\/www.grupoapellaniz.com\/fr\/politica-de-calidad\/","og_locale":"fr_FR","og_type":"article","og_title":"Pol\u00edtica de Calidad | Grupo Apell\u00e1niz","og_description":"La calidad es nuestro principal compromiso, y sus bases est\u00e1n recogidas en nuestra Politica de Calidad que puedes consultar en la web.","og_url":"https:\/\/www.grupoapellaniz.com\/fr\/politica-de-calidad\/","og_site_name":"Grupo Apell\u00e1niz","article_modified_time":"2026-04-14T10:38:26+00:00","twitter_card":"summary_large_image","twitter_misc":{"Dur\u00e9e de lecture estim\u00e9e":"2 minutes"},"schema":{"@context":"https:\/\/schema.org","@graph":[{"@type":"WebPage","@id":"https:\/\/www.grupoapellaniz.com\/politica-de-calidad\/","url":"https:\/\/www.grupoapellaniz.com\/politica-de-calidad\/","name":"Pol\u00edtica de Calidad | Grupo Apell\u00e1niz","isPartOf":{"@id":"https:\/\/www.grupoapellaniz.com\/#website"},"datePublished":"2026-04-14T10:22:44+00:00","dateModified":"2026-04-14T10:38:26+00:00","description":"La calidad es nuestro principal compromiso, y sus bases est\u00e1n recogidas en nuestra Politica de Calidad que puedes consultar en la web.","breadcrumb":{"@id":"https:\/\/www.grupoapellaniz.com\/politica-de-calidad\/#breadcrumb"},"inLanguage":"fr-FR","potentialAction":[{"@type":"ReadAction","target":["https:\/\/www.grupoapellaniz.com\/politica-de-calidad\/"]}]},{"@type":"BreadcrumbList","@id":"https:\/\/www.grupoapellaniz.com\/politica-de-calidad\/#breadcrumb","itemListElement":[{"@type":"ListItem","position":1,"name":"Portada","item":"https:\/\/www.grupoapellaniz.com\/"},{"@type":"ListItem","position":2,"name":"Pol\u00edtica de Calidad"}]},{"@type":"WebSite","@id":"https:\/\/www.grupoapellaniz.com\/#website","url":"https:\/\/www.grupoapellaniz.com\/","name":"Groupe Apell\u00e1niz","description":"Elementos de sujeci\u00f3n galvanizados y prefabricados de hormig\u00f3n","publisher":{"@id":"https:\/\/www.grupoapellaniz.com\/#organization"},"potentialAction":[{"@type":"SearchAction","target":{"@type":"EntryPoint","urlTemplate":"https:\/\/www.grupoapellaniz.com\/?s={search_term_string}"},"query-input":{"@type":"PropertyValueSpecification","valueRequired":true,"valueName":"search_term_string"}}],"inLanguage":"fr-FR"},{"@type":"Organization","@id":"https:\/\/www.grupoapellaniz.com\/#organization","name":"Groupe Apell\u00e1niz","url":"https:\/\/www.grupoapellaniz.com\/","logo":{"@type":"ImageObject","inLanguage":"fr-FR","@id":"https:\/\/www.grupoapellaniz.com\/#\/schema\/logo\/image\/","url":"https:\/\/www.grupoapellaniz.com\/wp-content\/uploads\/2020\/10\/logo-apellaniz.png","contentUrl":"https:\/\/www.grupoapellaniz.com\/wp-content\/uploads\/2020\/10\/logo-apellaniz.png","width":300,"height":66,"caption":"Grupo Apell\u00e1niz"},"image":{"@id":"https:\/\/www.grupoapellaniz.com\/#\/schema\/logo\/image\/"}}]}},"_links":{"self":[{"href":"https:\/\/www.grupoapellaniz.com\/fr\/wp-json\/wp\/v2\/pages\/3860","targetHints":{"allow":["GET"]}}],"collection":[{"href":"https:\/\/www.grupoapellaniz.com\/fr\/wp-json\/wp\/v2\/pages"}],"about":[{"href":"https:\/\/www.grupoapellaniz.com\/fr\/wp-json\/wp\/v2\/types\/page"}],"author":[{"embeddable":true,"href":"https:\/\/www.grupoapellaniz.com\/fr\/wp-json\/wp\/v2\/users\/3"}],"replies":[{"embeddable":true,"href":"https:\/\/www.grupoapellaniz.com\/fr\/wp-json\/wp\/v2\/comments?post=3860"}],"version-history":[{"count":14,"href":"https:\/\/www.grupoapellaniz.com\/fr\/wp-json\/wp\/v2\/pages\/3860\/revisions"}],"predecessor-version":[{"id":3877,"href":"https:\/\/www.grupoapellaniz.com\/fr\/wp-json\/wp\/v2\/pages\/3860\/revisions\/3877"}],"wp:attachment":[{"href":"https:\/\/www.grupoapellaniz.com\/fr\/wp-json\/wp\/v2\/media?parent=3860"}],"curies":[{"name":"wp","href":"https:\/\/api.w.org\/{rel}","templated":true}]}}