{"id":297,"date":"2020-05-19T15:29:26","date_gmt":"2020-05-19T15:29:26","guid":{"rendered":"https:\/\/www.grupoapellaniz.com\/?page_id=297"},"modified":"2021-02-18T16:40:26","modified_gmt":"2021-02-18T15:40:26","slug":"politica-de-cookies","status":"publish","type":"page","link":"https:\/\/www.grupoapellaniz.com\/fr\/politica-de-cookies\/","title":{"rendered":"Politique en mati\u00e8re de cookies"},"content":{"rendered":"<p>Nous recueillons et utilisons des informations sur ce site web conform\u00e9ment \u00e0 notre politique de confidentialit\u00e9. L'une des fa\u00e7ons dont nous recueillons des informations est l'utilisation d'une technologie appel\u00e9e \"cookies\". Sur grupoapellaniz.com, nous utilisons les cookies pour un certain nombre de raisons.<\/p>\n\n\n\n<h2 class=\"wp-block-heading\"><strong>Qu'est-ce qu'un cookie ?<\/strong><\/h2>\n\n\n\n<p>Un \"cookie\" est une petite quantit\u00e9 de texte qui est stock\u00e9e dans votre navigateur. <em>(par exemple, Chrome de Google ou Safari d'Apple)<\/em> lors de la navigation sur la plupart des sites web.<\/p>\n\n\n\n<h2 class=\"wp-block-heading\"><strong>Acceptation des cookies<\/strong><\/h2>\n\n\n\n<p>Lorsque vous acc\u00e9dez \u00e0 ce site web ou \u00e0 cette application pour la premi\u00e8re fois, un avertissement appara\u00eet pour vous informer de l'utilisation de cookies et de l'endroit o\u00f9 vous pouvez consulter la pr\u00e9sente politique en mati\u00e8re de cookies.&nbsp;<\/p>\n\n\n\n<p>Aucun cookie ne sera t\u00e9l\u00e9charg\u00e9 tant que l'utilisateur n'aura pas express\u00e9ment consenti \u00e0 l'installation de cookies. Si l'utilisateur consent \u00e0 l'utilisation de cookies, ceux-ci seront install\u00e9s sur l'ordinateur ou le dispositif de l'utilisateur.<\/p>\n\n\n\n<p>Outre l'utilisation de nos propres cookies, nous autorisons des tiers \u00e0 installer des cookies sur votre appareil et \u00e0 y acc\u00e9der.<\/p>\n\n\n\n<h2 class=\"wp-block-heading\"><strong>Quelles informations un cookie stocke-t-il ?<\/strong><\/h2>\n\n\n\n<p>Les cookies ne stockent g\u00e9n\u00e9ralement pas d'informations sensibles vous concernant, telles que des donn\u00e9es bancaires ou de carte de cr\u00e9dit, des photographies ou des informations personnelles, etc. Les donn\u00e9es qu'ils stockent sont de nature technique, statistiques, pr\u00e9f\u00e9rences personnelles, personnalisation du contenu, etc.<\/p>\n\n\n\n<h2 class=\"wp-block-heading\"><strong>Quels sont les types de cookies ?<\/strong><\/h2>\n\n\n\n<ul class=\"wp-block-list\"><li><strong>Cookies techniques :<\/strong> Ils sont les plus \u00e9l\u00e9mentaires et permettent, entre autres, de savoir quand un humain ou une application automatis\u00e9e navigue, quand un utilisateur anonyme et un utilisateur enregistr\u00e9 naviguent, des t\u00e2ches de base pour le fonctionnement de tout site web dynamique.<\/li><li><strong>Cookies d'analyse :<\/strong> Ils recueillent des informations sur le type de navigation que vous effectuez, les sections que vous utilisez le plus, les produits consult\u00e9s, l'heure \u00e0 laquelle vous les utilisez, la langue, etc.<\/li><li><strong>Cookies publicitaires :<\/strong> Ils affichent de la publicit\u00e9 en fonction de vos habitudes de navigation, de votre pays d'origine, de votre langue, etc.<\/li><\/ul>\n\n\n\n<h2 class=\"wp-block-heading\"><strong>Cookies accept\u00e9s par le r\u00e8glement et cookies exclus<\/strong><\/h2>\n\n\n\n<p>Selon la directive europ\u00e9enne, les cookies qui requi\u00e8rent le consentement \u00e9clair\u00e9 de l'utilisateur sont les cookies analytiques et les cookies publicitaires et d'affiliation, \u00e0 l'exception des cookies techniques et de ceux qui sont n\u00e9cessaires au fonctionnement du site web ou \u00e0 la fourniture de services express\u00e9ment demand\u00e9s par l'utilisateur.<\/p>\n\n\n\n<h2 class=\"wp-block-heading\"><strong>Quels sont les cookies utilis\u00e9s par ce site web ?<\/strong><\/h2>\n\n\n\n<p>Ce site web utilise ses propres cookies et ceux de tiers. Les cookies suivants sont utilis\u00e9s sur ce site :<\/p>\n\n\n\n<h3 class=\"wp-block-heading\"><strong>Ses propres biscuits<\/strong><\/h3>\n\n\n\n<p><strong>Connexion :<\/strong> Les cookies de connexion vous permettent de vous connecter et de vous d\u00e9connecter de votre compte grupoapellaniz.com.<\/p>\n\n\n\n<p><strong>Personnalisation :<\/strong> Les cookies nous aident \u00e0 nous souvenir des personnes ou des sites web avec lesquels vous avez interagi, afin que nous puissions vous montrer des contenus connexes.<\/p>\n\n\n\n<p><strong>Pr\u00e9f\u00e9rences :<\/strong> Les cookies nous permettent de m\u00e9moriser vos param\u00e8tres et pr\u00e9f\u00e9rences, tels que votre langue pr\u00e9f\u00e9r\u00e9e et vos param\u00e8tres de confidentialit\u00e9.<\/p>\n\n\n\n<p><strong>La s\u00e9curit\u00e9 : <\/strong>Nous utilisons des cookies pour pr\u00e9venir les risques de s\u00e9curit\u00e9. Principalement pour d\u00e9tecter si quelqu'un essaie de pirater votre compte grupoapellaniz.com.<\/p>\n\n\n\n<h3 class=\"wp-block-heading\"><strong>Cookies de tiers<\/strong><\/h3>\n\n\n\n<p><strong><em>Cookies analytiques<\/em><\/strong><\/p>\n\n\n\n<p>Ce site web utilise des services d'analyse, en particulier, <em>Google Analytics<\/em> pour aider le site web \u00e0 analyser l'utilisation faite par les utilisateurs du site web et \u00e0 am\u00e9liorer sa convivialit\u00e9, mais en aucun cas ils ne sont associ\u00e9s \u00e0 des donn\u00e9es qui pourraient permettre d'identifier l'utilisateur. Google Analytics est un service d'analyse de site internet fourni par Google Inc. L'utilisateur peut consulter<a href=\"https:\/\/www.google.es\/intl\/es\/policies\/technologies\/types\/\" target=\"_blank\" rel=\"noopener\"> <em>ici<\/em><\/a> le type de cookies utilis\u00e9s par Google.<\/p>\n\n\n\n<h3 class=\"wp-block-heading\"><strong>Les cookies peuvent-ils \u00eatre supprim\u00e9s ?<\/strong><\/h3>\n\n\n\n<p>Oui, et non seulement supprimer, mais aussi bloquer, soit de mani\u00e8re g\u00e9n\u00e9rale, soit pour un domaine sp\u00e9cifique.<\/p>\n\n\n\n<p>Pour supprimer les cookies d'un site web, vous devez aller dans les param\u00e8tres de votre navigateur et vous pouvez y rechercher les cookies associ\u00e9s au domaine en question et les supprimer.<\/p>\n\n\n\n<ul class=\"wp-block-list\"><li>Param\u00e8tres des cookies pour<a href=\"http:\/\/support.google.com\/chrome\/bin\/answer.py?hl=es&amp;answer=95647\" target=\"_blank\" rel=\"noopener\"> <em>Google Chrome<\/em><\/a><\/li><li>Param\u00e8tres des cookies pour<a href=\"https:\/\/support.apple.com\/es-es\/HT201265\" target=\"_blank\" rel=\"noopener\"> <em>Apple Safari<\/em><\/a><\/li><li>Param\u00e8tres des cookies pour<a href=\"https:\/\/support.microsoft.com\/en-us\/help\/17442\/windows-internet-explorer-delete-manage-cookies#ie=ie-10\" target=\"_blank\" rel=\"noopener\"> <em>Internet Explorer<\/em><\/a><\/li><li>Param\u00e8tres des cookies pour<a href=\"https:\/\/support.mozilla.org\/es\/kb\/habilitar-y-deshabilitar-cookies-sitios-web-rastrear-preferencias?redirectlocale=es&amp;redirectslug=habilitar-y-deshabilitar-cookies-que-los-sitios-we\" target=\"_blank\" rel=\"noopener\"> <em>Mozilla Firefox<\/em><\/a><\/li><\/ul>\n\n\n\n<h3 class=\"wp-block-heading\"><strong>Acceptation des cookies<\/strong><\/h3>\n\n\n\n<p>Lorsque vous acc\u00e9dez \u00e0 ce site web ou \u00e0 cette application pour la premi\u00e8re fois, un avertissement s'affiche pour vous informer de l'utilisation de cookies et de l'endroit o\u00f9 vous pouvez consulter la pr\u00e9sente politique en mati\u00e8re de cookies. Si l'utilisateur consent \u00e0 l'utilisation de cookies, ceux-ci seront install\u00e9s sur votre ordinateur ou appareil.<\/p>\n\n\n\n<p>Outre l'utilisation de nos propres cookies, nous autorisons des tiers \u00e0 installer des cookies sur votre ordinateur et \u00e0 y acc\u00e9der. Votre consentement \u00e0 l'utilisation des cookies de ces soci\u00e9t\u00e9s est li\u00e9 \u00e0 votre navigation sur ce site web.<\/p>\n\n\n\n<h3 class=\"wp-block-heading\"><strong>Plus d'informations sur les cookies<\/strong><\/h3>\n\n\n\n<p>Vous pouvez consulter le r\u00e8glement sur les cookies publi\u00e9 par l'Agence espagnole de protection des donn\u00e9es dans son site Web. <em>\"<\/em><a href=\"https:\/\/www.aepd.es\/sites\/default\/files\/2020-07\/guia-cookies.pdf\" target=\"_blank\" rel=\"noopener\"><em>Guide sur l'utilisation des cookies\".<\/em><\/a> et en savoir plus sur les cookies sur Internet,<a href=\"http:\/\/www.aboutcookies.org\/\" target=\"_blank\" rel=\"noopener\"> <em>http:\/\/www.aboutcookies.org\/<\/em><\/a><\/p>\n\n\n\n<p>Si vous souhaitez mieux contr\u00f4ler l'installation des cookies, vous pouvez installer des programmes ou des modules compl\u00e9mentaires \u00e0 votre navigateur, connus sous le nom d'\"outils de cookies\". <em>\"Ne pas suivre<\/em>qui vous permettra de choisir les cookies que vous souhaitez autoriser.<\/p>\n\n\n\n<p>Cette politique en mati\u00e8re de cookies a \u00e9t\u00e9 mise \u00e0 jour pour la derni\u00e8re fois le 09\/02\/2021.<\/p>","protected":false},"excerpt":{"rendered":"<p>En esta web recopilamos y utilizamos la informaci\u00f3n seg\u00fan indicamos en nuestra pol\u00edtica de privacidad. Una de las formas en las que recopilamos informaci\u00f3n es a trav\u00e9s del uso de la tecnolog\u00eda llamada \u201ccookies\u201d. En grupoapellaniz.com, utilizamos cookies para varias cosas. \u00bfQu\u00e9 es una cookie? Una \u201ccookie\u201d es una peque\u00f1a cantidad de texto que se [&hellip;]<\/p>","protected":false},"author":1,"featured_media":0,"parent":0,"menu_order":0,"comment_status":"closed","ping_status":"closed","template":"","meta":{"_acf_changed":false,"footnotes":""},"class_list":["post-297","page","type-page","status-publish","hentry"],"acf":[],"yoast_head":"<!-- This site is optimized with the Yoast SEO plugin v27.3 - https:\/\/yoast.com\/product\/yoast-seo-wordpress\/ -->\n<title>Pol\u00edtica de cookies - Grupo Apell\u00e1niz<\/title>\n<meta name=\"robots\" content=\"index, follow, max-snippet:-1, max-image-preview:large, max-video-preview:-1\" \/>\n<link rel=\"canonical\" href=\"https:\/\/www.grupoapellaniz.com\/fr\/politica-de-cookies\/\" \/>\n<meta property=\"og:locale\" content=\"fr_FR\" \/>\n<meta property=\"og:type\" content=\"article\" \/>\n<meta property=\"og:title\" content=\"Pol\u00edtica de cookies - Grupo Apell\u00e1niz\" \/>\n<meta property=\"og:description\" content=\"En esta web recopilamos y utilizamos la informaci\u00f3n seg\u00fan indicamos en nuestra pol\u00edtica de privacidad. Una de las formas en las que recopilamos informaci\u00f3n es a trav\u00e9s del uso de la tecnolog\u00eda llamada \u201ccookies\u201d. En grupoapellaniz.com, utilizamos cookies para varias cosas. \u00bfQu\u00e9 es una cookie? Una \u201ccookie\u201d es una peque\u00f1a cantidad de texto que se [&hellip;]\" \/>\n<meta property=\"og:url\" content=\"https:\/\/www.grupoapellaniz.com\/fr\/politica-de-cookies\/\" \/>\n<meta property=\"og:site_name\" content=\"Grupo Apell\u00e1niz\" \/>\n<meta property=\"article:modified_time\" content=\"2021-02-18T15:40:26+00:00\" \/>\n<meta name=\"twitter:card\" content=\"summary_large_image\" \/>\n<meta name=\"twitter:label1\" content=\"Dur\u00e9e de lecture estim\u00e9e\" \/>\n\t<meta name=\"twitter:data1\" content=\"4 minutes\" \/>\n<script type=\"application\/ld+json\" class=\"yoast-schema-graph\">{\"@context\":\"https:\\\/\\\/schema.org\",\"@graph\":[{\"@type\":\"WebPage\",\"@id\":\"https:\\\/\\\/www.grupoapellaniz.com\\\/politica-de-cookies\\\/\",\"url\":\"https:\\\/\\\/www.grupoapellaniz.com\\\/politica-de-cookies\\\/\",\"name\":\"Pol\u00edtica de cookies - Grupo Apell\u00e1niz\",\"isPartOf\":{\"@id\":\"https:\\\/\\\/www.grupoapellaniz.com\\\/#website\"},\"datePublished\":\"2020-05-19T15:29:26+00:00\",\"dateModified\":\"2021-02-18T15:40:26+00:00\",\"breadcrumb\":{\"@id\":\"https:\\\/\\\/www.grupoapellaniz.com\\\/politica-de-cookies\\\/#breadcrumb\"},\"inLanguage\":\"fr-FR\",\"potentialAction\":[{\"@type\":\"ReadAction\",\"target\":[\"https:\\\/\\\/www.grupoapellaniz.com\\\/politica-de-cookies\\\/\"]}]},{\"@type\":\"BreadcrumbList\",\"@id\":\"https:\\\/\\\/www.grupoapellaniz.com\\\/politica-de-cookies\\\/#breadcrumb\",\"itemListElement\":[{\"@type\":\"ListItem\",\"position\":1,\"name\":\"Portada\",\"item\":\"https:\\\/\\\/www.grupoapellaniz.com\\\/\"},{\"@type\":\"ListItem\",\"position\":2,\"name\":\"Pol\u00edtica de cookies\"}]},{\"@type\":\"WebSite\",\"@id\":\"https:\\\/\\\/www.grupoapellaniz.com\\\/#website\",\"url\":\"https:\\\/\\\/www.grupoapellaniz.com\\\/\",\"name\":\"Grupo Apell\u00e1niz\",\"description\":\"Elementos de sujeci\u00f3n galvanizados y prefabricados de hormig\u00f3n\",\"publisher\":{\"@id\":\"https:\\\/\\\/www.grupoapellaniz.com\\\/#organization\"},\"potentialAction\":[{\"@type\":\"SearchAction\",\"target\":{\"@type\":\"EntryPoint\",\"urlTemplate\":\"https:\\\/\\\/www.grupoapellaniz.com\\\/?s={search_term_string}\"},\"query-input\":{\"@type\":\"PropertyValueSpecification\",\"valueRequired\":true,\"valueName\":\"search_term_string\"}}],\"inLanguage\":\"fr-FR\"},{\"@type\":\"Organization\",\"@id\":\"https:\\\/\\\/www.grupoapellaniz.com\\\/#organization\",\"name\":\"Grupo Apell\u00e1niz\",\"url\":\"https:\\\/\\\/www.grupoapellaniz.com\\\/\",\"logo\":{\"@type\":\"ImageObject\",\"inLanguage\":\"fr-FR\",\"@id\":\"https:\\\/\\\/www.grupoapellaniz.com\\\/#\\\/schema\\\/logo\\\/image\\\/\",\"url\":\"https:\\\/\\\/www.grupoapellaniz.com\\\/wp-content\\\/uploads\\\/2020\\\/10\\\/logo-apellaniz.png\",\"contentUrl\":\"https:\\\/\\\/www.grupoapellaniz.com\\\/wp-content\\\/uploads\\\/2020\\\/10\\\/logo-apellaniz.png\",\"width\":300,\"height\":66,\"caption\":\"Grupo Apell\u00e1niz\"},\"image\":{\"@id\":\"https:\\\/\\\/www.grupoapellaniz.com\\\/#\\\/schema\\\/logo\\\/image\\\/\"}}]}<\/script>\n<!-- \/ Yoast SEO plugin. -->","yoast_head_json":{"title":"Pol\u00edtica de cookies - Grupo Apell\u00e1niz","robots":{"index":"index","follow":"follow","max-snippet":"max-snippet:-1","max-image-preview":"max-image-preview:large","max-video-preview":"max-video-preview:-1"},"canonical":"https:\/\/www.grupoapellaniz.com\/fr\/politica-de-cookies\/","og_locale":"fr_FR","og_type":"article","og_title":"Pol\u00edtica de cookies - Grupo Apell\u00e1niz","og_description":"En esta web recopilamos y utilizamos la informaci\u00f3n seg\u00fan indicamos en nuestra pol\u00edtica de privacidad. Una de las formas en las que recopilamos informaci\u00f3n es a trav\u00e9s del uso de la tecnolog\u00eda llamada \u201ccookies\u201d. En grupoapellaniz.com, utilizamos cookies para varias cosas. \u00bfQu\u00e9 es una cookie? Una \u201ccookie\u201d es una peque\u00f1a cantidad de texto que se [&hellip;]","og_url":"https:\/\/www.grupoapellaniz.com\/fr\/politica-de-cookies\/","og_site_name":"Grupo Apell\u00e1niz","article_modified_time":"2021-02-18T15:40:26+00:00","twitter_card":"summary_large_image","twitter_misc":{"Dur\u00e9e de lecture estim\u00e9e":"4 minutes"},"schema":{"@context":"https:\/\/schema.org","@graph":[{"@type":"WebPage","@id":"https:\/\/www.grupoapellaniz.com\/politica-de-cookies\/","url":"https:\/\/www.grupoapellaniz.com\/politica-de-cookies\/","name":"Pol\u00edtica de cookies - Grupo Apell\u00e1niz","isPartOf":{"@id":"https:\/\/www.grupoapellaniz.com\/#website"},"datePublished":"2020-05-19T15:29:26+00:00","dateModified":"2021-02-18T15:40:26+00:00","breadcrumb":{"@id":"https:\/\/www.grupoapellaniz.com\/politica-de-cookies\/#breadcrumb"},"inLanguage":"fr-FR","potentialAction":[{"@type":"ReadAction","target":["https:\/\/www.grupoapellaniz.com\/politica-de-cookies\/"]}]},{"@type":"BreadcrumbList","@id":"https:\/\/www.grupoapellaniz.com\/politica-de-cookies\/#breadcrumb","itemListElement":[{"@type":"ListItem","position":1,"name":"Portada","item":"https:\/\/www.grupoapellaniz.com\/"},{"@type":"ListItem","position":2,"name":"Pol\u00edtica de cookies"}]},{"@type":"WebSite","@id":"https:\/\/www.grupoapellaniz.com\/#website","url":"https:\/\/www.grupoapellaniz.com\/","name":"Groupe Apell\u00e1niz","description":"Elementos de sujeci\u00f3n galvanizados y prefabricados de hormig\u00f3n","publisher":{"@id":"https:\/\/www.grupoapellaniz.com\/#organization"},"potentialAction":[{"@type":"SearchAction","target":{"@type":"EntryPoint","urlTemplate":"https:\/\/www.grupoapellaniz.com\/?s={search_term_string}"},"query-input":{"@type":"PropertyValueSpecification","valueRequired":true,"valueName":"search_term_string"}}],"inLanguage":"fr-FR"},{"@type":"Organization","@id":"https:\/\/www.grupoapellaniz.com\/#organization","name":"Groupe Apell\u00e1niz","url":"https:\/\/www.grupoapellaniz.com\/","logo":{"@type":"ImageObject","inLanguage":"fr-FR","@id":"https:\/\/www.grupoapellaniz.com\/#\/schema\/logo\/image\/","url":"https:\/\/www.grupoapellaniz.com\/wp-content\/uploads\/2020\/10\/logo-apellaniz.png","contentUrl":"https:\/\/www.grupoapellaniz.com\/wp-content\/uploads\/2020\/10\/logo-apellaniz.png","width":300,"height":66,"caption":"Grupo Apell\u00e1niz"},"image":{"@id":"https:\/\/www.grupoapellaniz.com\/#\/schema\/logo\/image\/"}}]}},"_links":{"self":[{"href":"https:\/\/www.grupoapellaniz.com\/fr\/wp-json\/wp\/v2\/pages\/297","targetHints":{"allow":["GET"]}}],"collection":[{"href":"https:\/\/www.grupoapellaniz.com\/fr\/wp-json\/wp\/v2\/pages"}],"about":[{"href":"https:\/\/www.grupoapellaniz.com\/fr\/wp-json\/wp\/v2\/types\/page"}],"author":[{"embeddable":true,"href":"https:\/\/www.grupoapellaniz.com\/fr\/wp-json\/wp\/v2\/users\/1"}],"replies":[{"embeddable":true,"href":"https:\/\/www.grupoapellaniz.com\/fr\/wp-json\/wp\/v2\/comments?post=297"}],"version-history":[{"count":0,"href":"https:\/\/www.grupoapellaniz.com\/fr\/wp-json\/wp\/v2\/pages\/297\/revisions"}],"wp:attachment":[{"href":"https:\/\/www.grupoapellaniz.com\/fr\/wp-json\/wp\/v2\/media?parent=297"}],"curies":[{"name":"wp","href":"https:\/\/api.w.org\/{rel}","templated":true}]}}